{"id":8321,"date":"2025-11-10T15:59:56","date_gmt":"2025-11-10T14:59:56","guid":{"rendered":"https:\/\/www.baie-car.com\/?post_type=product&#038;p=8321"},"modified":"2025-12-10T11:01:34","modified_gmt":"2025-12-10T10:01:34","slug":"ventana-abatible-proyectable-doble-cristal-11000x450","status":"publish","type":"product","link":"https:\/\/www.baie-car.com\/es\/producto\/ventana-abatible-proyectable-doble-cristal-11000x450\/","title":{"rendered":"Ventana abatible proyectable doble cristales acr\u00edlico 1100&#215;450 mm"},"content":{"rendered":"<div class=\"vc_row wpb_row vc_row-fluid vc_custom_1545443777154 vc_row-o-equal-height vc_row-o-content-middle vc_row-flex responsive_js_composer_custom_css_967900805\"><div class=\"wpb_column vc_column_container vc_col-sm-7\"><div class=\"vc_column-inner\"><div class=\"wpb_wrapper\">\r\n\t<div class=\"wpb_single_image wpb_content_element vc_align_center  responsive_js_composer_custom_css_1483066480\">\r\n\t\t\r\n\t\t<figure class=\"wpb_wrapper vc_figure\">\r\n\t\t\t<div class=\"vc_single_image-wrapper   vc_box_border_grey\"><img loading=\"lazy\" decoding=\"async\" width=\"651\" height=\"331\" src=\"https:\/\/www.baie-car.com\/wp-content\/uploads\/2025\/11\/MEDIDA-1100X450.jpg\" class=\"vc_single_image-img attachment-full\" alt=\"\" srcset=\"https:\/\/www.baie-car.com\/wp-content\/uploads\/2025\/11\/MEDIDA-1100X450.jpg 651w, https:\/\/www.baie-car.com\/wp-content\/uploads\/2025\/11\/MEDIDA-1100X450-300x153.jpg 300w, https:\/\/www.baie-car.com\/wp-content\/uploads\/2025\/11\/MEDIDA-1100X450-600x305.jpg 600w\" sizes=\"auto, (max-width: 651px) 100vw, 651px\" \/><\/div>\r\n\t\t<\/figure>\r\n\t<\/div>\r\n<\/div><\/div><\/div><div class=\"wpb_column vc_column_container vc_col-sm-5 responsive_js_composer_custom_css_1895814216\"><div class=\"vc_column-inner vc_custom_1545443703564\"><div class=\"wpb_wrapper\"><h2 style=\"font-size: 40px;color: #354351;text-align: left;font-family:Open Sans;font-weight:300;font-style:normal\" class=\"vc_custom_heading responsive_js_composer_custom_css_382300252\" >Ventana abatible proyectante doble cristal acrilico 1100x450mm<\/h2>\n\t<div class=\"wpb_text_column wpb_content_element  responsive_js_composer_custom_css_376696611\" >\n\t\t<div class=\"wpb_wrapper\">\n\t\t\t<h3 data-start=\"79\" data-end=\"185\"><strong data-start=\"83\" data-end=\"185\">Ventana acr\u00edlica de doble acristalamiento abatible con oscurecedor y mosquitera \u2013 Calidad BAIE-CAR<\/strong><\/h3>\n<p data-start=\"187\" data-end=\"255\"><strong data-start=\"187\" data-end=\"255\">La excelencia en acristalamiento para tus veh\u00edculos camperizados<\/strong><\/p>\n<p data-start=\"257\" data-end=\"534\">Descubre la nueva generaci\u00f3n de ventanas abatibles con doble acristalamiento acr\u00edlico de <strong data-start=\"346\" data-end=\"358\">BAIE-CAR<\/strong>, dise\u00f1adas para ofrecer <strong data-start=\"383\" data-end=\"419\">confort, aislamiento y seguridad<\/strong> en todo tipo de veh\u00edculos: autocaravanas, furgonetas camper, caravanas, camiones para caballos o veh\u00edculos taller.<\/p>\n<p data-start=\"536\" data-end=\"753\">Fabricadas conforme a las <strong data-start=\"562\" data-end=\"589\">normas europeas ECE 43R<\/strong>, nuestras ventanas garantizan la <strong data-start=\"623\" data-end=\"644\">homologaci\u00f3n<\/strong>\u00a0y una instalaci\u00f3n <strong data-start=\"663\" data-end=\"686\">sencilla y duradera<\/strong> sobre cualquier tipo de pared, ya sea recta o ligeramente curvada.<\/p>\n<hr data-start=\"755\" data-end=\"758\" \/>\n<h3 data-start=\"760\" data-end=\"829\"><strong data-start=\"764\" data-end=\"829\">Caracter\u00edsticas t\u00e9cnicas \u2013 Ventana abatible acr\u00edlica BAIE-CAR<\/strong><\/h3>\n<ul data-start=\"831\" data-end=\"1822\">\n<li data-start=\"831\" data-end=\"975\">\n<p data-start=\"833\" data-end=\"975\"><strong data-start=\"833\" data-end=\"855\">Apertura abatible:<\/strong> sistema articulado robusto que permite una <strong data-start=\"899\" data-end=\"921\">ventilaci\u00f3n \u00f3ptima<\/strong> y una <strong data-start=\"928\" data-end=\"950\">apertura regulable<\/strong> seg\u00fan tus necesidades.<\/p>\n<\/li>\n<li data-start=\"976\" data-end=\"1121\">\n<p data-start=\"978\" data-end=\"1121\"><strong data-start=\"978\" data-end=\"1021\">Doble acristalamiento acr\u00edlico tintado:<\/strong> excelente <strong data-start=\"1032\" data-end=\"1066\">aislamiento t\u00e9rmico y ac\u00fastico<\/strong>, con <strong data-start=\"1072\" data-end=\"1099\">protecci\u00f3n UV integrada<\/strong> para mayor confort.<\/p>\n<\/li>\n<li data-start=\"1122\" data-end=\"1214\">\n<p data-start=\"1124\" data-end=\"1214\"><strong data-start=\"1124\" data-end=\"1173\">Marco exterior de aluminio lacado negro mate:<\/strong> <strong data-start=\"1174\" data-end=\"1212\">m\u00e1xima resistencia a la corrosi\u00f3n.<\/strong><\/p>\n<\/li>\n<li data-start=\"1215\" data-end=\"1336\">\n<p data-start=\"1217\" data-end=\"1336\"><strong data-start=\"1217\" data-end=\"1241\">Contramarco interior<\/strong> con <strong data-start=\"1246\" data-end=\"1291\">estor oscurecedor y mosquitera integrados<\/strong>, para un acabado <strong data-start=\"1309\" data-end=\"1334\">est\u00e9tico y funcional.<\/strong><\/p>\n<\/li>\n<li data-start=\"1337\" data-end=\"1415\">\n<p data-start=\"1339\" data-end=\"1415\"><strong data-start=\"1339\" data-end=\"1358\">Montaje posible<\/strong> sobre <strong data-start=\"1365\" data-end=\"1391\">panel s\u00e1ndwich o chapa<\/strong> de cualquier espesor.<\/p>\n<\/li>\n<li data-start=\"1416\" data-end=\"1445\">\n<p data-start=\"1418\" data-end=\"1445\"><strong data-start=\"1418\" data-end=\"1434\">Dimensiones:<\/strong> (L x H).<\/p>\n<\/li>\n<li data-start=\"1446\" data-end=\"1495\">\n<p data-start=\"1448\" data-end=\"1495\"><strong data-start=\"1448\" data-end=\"1493\">Cristal doble tintado transparente en acr\u00edlico.<\/strong><\/p>\n<\/li>\n<li data-start=\"1496\" data-end=\"1564\">\n<p data-start=\"1498\" data-end=\"1564\"><strong data-start=\"1498\" data-end=\"1519\">Apertura sencilla<\/strong> con <strong data-start=\"1524\" data-end=\"1540\">doble cierre<\/strong> \u2013 montaje horizontal.<\/p>\n<\/li>\n<li data-start=\"1565\" data-end=\"1595\">\n<p data-start=\"1567\" data-end=\"1595\"><strong data-start=\"1567\" data-end=\"1586\">Radio de corte:<\/strong> 70 mm.<\/p>\n<\/li>\n<li data-start=\"1596\" data-end=\"1675\">\n<p data-start=\"1598\" data-end=\"1675\"><strong data-start=\"1598\" data-end=\"1626\">Contramarco suministrado<\/strong> para paredes con espesor entre <strong data-start=\"1658\" data-end=\"1673\">25 y 35 mm.<\/strong><\/p>\n<\/li>\n<li data-start=\"1676\" data-end=\"1715\">\n<p data-start=\"1678\" data-end=\"1715\"><strong data-start=\"1678\" data-end=\"1703\">Adhesivo recomendado:<\/strong> Sika 221.<\/p>\n<\/li>\n<li data-start=\"1716\" data-end=\"1752\">\n<p data-start=\"1718\" data-end=\"1752\"><strong data-start=\"1718\" data-end=\"1740\">Junta exterior UV:<\/strong> Saba 720.<\/p>\n<\/li>\n<li data-start=\"1753\" data-end=\"1822\">\n<p data-start=\"1755\" data-end=\"1822\"><strong data-start=\"1755\" data-end=\"1822\">Certificaci\u00f3n ECE 43R \u2013 Homologaci\u00f3n europea autocaravana.<\/strong><\/p>\n<\/li>\n<\/ul>\n\n\t\t<\/div>\n\t<\/div>\n<\/div><\/div><\/div><\/div><div class=\"vc_row wpb_row vc_row-fluid vc_row-o-equal-height vc_row-o-content-middle vc_row-flex responsive_js_composer_custom_css_616743833\"><div class=\"wpb_column vc_column_container vc_col-sm-5 responsive_js_composer_custom_css_779582524\"><div class=\"vc_column-inner vc_custom_1545961440893\"><div class=\"wpb_wrapper\"><h2 style=\"font-size: 40px;color: #ce7147;text-align: left;font-family:Open Sans;font-weight:300;font-style:normal\" class=\"vc_custom_heading responsive_js_composer_custom_css_3032044\" ><a href=\"https:\/\/www.baie-car.com\/es\/ventana-corredera-abatible\/\" title=\"Ventana corredera est\u00e1ndar\">Ventanas abatibles doble cristal \u2013 BAIE-CAR<\/a><\/h2>\n\t<div class=\"wpb_text_column wpb_content_element  responsive_js_composer_custom_css_1561581594\" >\n\t\t<div class=\"wpb_wrapper\">\n\t\t\t<p data-start=\"307\" data-end=\"511\"><strong data-start=\"307\" data-end=\"319\">BAIE-CAR<\/strong>, distribuidor especializado en <strong data-start=\"351\" data-end=\"407\">ventanas abatibles de doble acristalamiento acr\u00edlico<\/strong> para <strong data-start=\"413\" data-end=\"511\">autobuses, camiones para caballos, furgonetas para caballos, veh\u00edculos camper y autocaravanas.<\/strong><\/p>\n<p data-start=\"513\" data-end=\"822\">Somos una empresa <strong data-start=\"531\" data-end=\"605\">experta en la selecci\u00f3n y distribuci\u00f3n de ventanas homologadas ECE 43R<\/strong>, reconocidas por su <strong data-start=\"626\" data-end=\"674\">alta calidad, durabilidad y dise\u00f1o funcional<\/strong>.<br data-start=\"675\" data-end=\"678\" \/>Nuestro objetivo es ofrecer a los profesionales y fabricantes del sector <strong data-start=\"751\" data-end=\"821\">productos fiables y adaptados a las necesidades reales del mercado<\/strong>.<\/p>\n<p data-start=\"824\" data-end=\"1035\">En <strong data-start=\"827\" data-end=\"839\">BAIE-CAR<\/strong> trabajamos con <strong data-start=\"855\" data-end=\"892\">proveedores europeos de confianza<\/strong>, garantizando un <strong data-start=\"910\" data-end=\"954\">aislamiento t\u00e9rmico y ac\u00fastico excelente<\/strong>, as\u00ed como una <strong data-start=\"969\" data-end=\"1002\">instalaci\u00f3n sencilla y segura<\/strong> en cualquier tipo de veh\u00edculo.<\/p>\n<p data-start=\"1037\" data-end=\"1281\">Estas <strong data-start=\"1043\" data-end=\"1092\">ventanas abatibles con doble cristal acr\u00edlico<\/strong> cuentan con <strong data-start=\"1105\" data-end=\"1144\">oscurecedor y mosquitera integrados<\/strong>, ideales para mejorar el <strong data-start=\"1170\" data-end=\"1211\">confort, la est\u00e9tica y la ventilaci\u00f3n<\/strong> en todo tipo de proyectos de camperizaci\u00f3n o veh\u00edculos profesionales.<\/p>\n<p data-start=\"1283\" data-end=\"1466\">Con una <strong data-start=\"1291\" data-end=\"1328\">amplia gama de medidas y acabados<\/strong>, BAIE-CAR ofrece <strong data-start=\"1346\" data-end=\"1385\">asesoramiento t\u00e9cnico personalizado<\/strong> y un <strong data-start=\"1391\" data-end=\"1419\">servicio \u00e1gil y din\u00e1mico<\/strong>, enfocado a la satisfacci\u00f3n total del cliente.<\/p>\n<p data-start=\"1468\" data-end=\"1586\"><strong data-start=\"1468\" data-end=\"1480\">BAIE-CAR<\/strong> \u2014 tu <strong data-start=\"1486\" data-end=\"1586\">distribuidor de confianza en ventanas para veh\u00edculos camper, caravanas y camiones para caballos.<\/strong><\/p>\n\n\t\t<\/div>\n\t<\/div>\n            <div class=\"lebe-button style-01   lebe_custom_css_1320462752    vc_custom_1571074434944 responsive_js_composer_custom_css_494287340\">\r\n                <div class=\"button-inner\">\r\n                                            <a class=\"button\" target=\"_self\"\r\n                           href=\"http:\/\/www.baie-car.com\/dev\/contact\/\">Cont\u00e1ctenos<\/a>\r\n                                    <\/div>\r\n            <\/div>\r\n            <\/div><\/div><\/div><div class=\"wpb_column vc_column_container vc_col-sm-7\"><div class=\"vc_column-inner\"><div class=\"wpb_wrapper\">\r\n\t<div class=\"wpb_single_image wpb_content_element vc_align_center  responsive_js_composer_custom_css_185024720\">\r\n\t\t\r\n\t\t<figure class=\"wpb_wrapper vc_figure\">\r\n\t\t\t<div class=\"vc_single_image-wrapper   vc_box_border_grey\"><img loading=\"lazy\" decoding=\"async\" width=\"1800\" height=\"2400\" src=\"https:\/\/www.baie-car.com\/wp-content\/uploads\/2025\/11\/Photoroom_20251110_153737.jpeg\" class=\"vc_single_image-img attachment-full\" alt=\"\" \/><\/div>\r\n\t\t<\/figure>\r\n\t<\/div>\r\n<\/div><\/div><\/div><\/div><div data-vc-full-width=\"true\" data-vc-full-width-init=\"false\" data-vc-stretch-content=\"true\" class=\"vc_row wpb_row vc_row-fluid vc_row-no-padding responsive_js_composer_custom_css_1166931430\"><div class=\"wpb_column vc_column_container vc_col-sm-12\"><div class=\"vc_column-inner\"><div class=\"wpb_wrapper\"><\/div><\/div><\/div><\/div><div class=\"vc_row-full-width vc_clearfix\"><\/div>\n","protected":false},"excerpt":{"rendered":"Ventana abatible proyectante doble cristal acrilico 1100x450mm Ventana acr\u00edlica de doble acristalamiento abatible con oscurecedor y mosquitera \u2013 Calidad BAIE-CAR La excelencia en acristalamiento para tus veh\u00edculos camperizados Descubre la nueva generaci\u00f3n de ventanas abatibles con doble acristalamiento acr\u00edlico de BAIE-CAR, dise\u00f1adas para ofrecer confort, aislamiento y seguridad en todo tipo de veh\u00edculos: autocaravanas, furgonetas [...]","protected":false},"featured_media":8279,"template":"","meta":[],"product_cat":[135],"product_tag":[],"class_list":["post-8321","product","type-product","status-publish","has-post-thumbnail","hentry","product_cat-ventana-con-doble-acristalamiento"],"yoast_head":"<!-- This site is optimized with the Yoast SEO plugin v22.3 - https:\/\/yoast.com\/wordpress\/plugins\/seo\/ -->\n<title>Ventana abatible proyectable doble cristales acrilico 1100x450 mm<\/title>\n<meta name=\"description\" content=\"Ventana abatible 1100x450 doble cristal acr\u00edlico con oscurecedor y mosquitera. Alta calidad, homologada ECE 43R, ideal para camper y autocaravana.\" \/>\n<meta name=\"robots\" content=\"index, follow, max-snippet:-1, max-image-preview:large, max-video-preview:-1\" \/>\n<link rel=\"canonical\" href=\"https:\/\/www.baie-car.com\/es\/producto\/ventana-abatible-proyectable-doble-cristal-11000x450\/\" \/>\n<meta property=\"og:locale\" content=\"es_ES\" \/>\n<meta property=\"og:type\" content=\"article\" \/>\n<meta property=\"og:title\" content=\"Ventana abatible proyectable doble cristales acrilico 1100x450 mm\" \/>\n<meta property=\"og:description\" content=\"Ventana abatible 1100x450 doble cristal acr\u00edlico con oscurecedor y mosquitera. Alta calidad, homologada ECE 43R, ideal para camper y autocaravana.\" \/>\n<meta property=\"og:url\" content=\"https:\/\/www.baie-car.com\/es\/producto\/ventana-abatible-proyectable-doble-cristal-11000x450\/\" \/>\n<meta property=\"og:site_name\" content=\"Baie-car\" \/>\n<meta property=\"article:modified_time\" content=\"2025-12-10T10:01:34+00:00\" \/>\n<meta property=\"og:image\" content=\"https:\/\/www.baie-car.com\/wp-content\/uploads\/2025\/11\/Captura-de-pantalla-2025-11-06-065027.jpg\" \/>\n\t<meta property=\"og:image:width\" content=\"793\" \/>\n\t<meta property=\"og:image:height\" content=\"791\" \/>\n\t<meta property=\"og:image:type\" content=\"image\/jpeg\" \/>\n<meta name=\"twitter:card\" content=\"summary_large_image\" \/>\n<meta name=\"twitter:label1\" content=\"Tiempo de lectura\" \/>\n\t<meta name=\"twitter:data1\" content=\"3 minutos\" \/>\n<script type=\"application\/ld+json\" class=\"yoast-schema-graph\">{\"@context\":\"https:\/\/schema.org\",\"@graph\":[{\"@type\":\"WebPage\",\"@id\":\"https:\/\/www.baie-car.com\/es\/producto\/ventana-abatible-proyectable-doble-cristal-11000x450\/\",\"url\":\"https:\/\/www.baie-car.com\/es\/producto\/ventana-abatible-proyectable-doble-cristal-11000x450\/\",\"name\":\"Ventana abatible proyectable doble cristales acrilico 1100x450 mm\",\"isPartOf\":{\"@id\":\"https:\/\/www.baie-car.com\/#website\"},\"primaryImageOfPage\":{\"@id\":\"https:\/\/www.baie-car.com\/es\/producto\/ventana-abatible-proyectable-doble-cristal-11000x450\/#primaryimage\"},\"image\":{\"@id\":\"https:\/\/www.baie-car.com\/es\/producto\/ventana-abatible-proyectable-doble-cristal-11000x450\/#primaryimage\"},\"thumbnailUrl\":\"https:\/\/www.baie-car.com\/wp-content\/uploads\/2025\/11\/Captura-de-pantalla-2025-11-06-065027.jpg\",\"datePublished\":\"2025-11-10T14:59:56+00:00\",\"dateModified\":\"2025-12-10T10:01:34+00:00\",\"description\":\"Ventana abatible 1100x450 doble cristal acr\u00edlico con oscurecedor y mosquitera. Alta calidad, homologada ECE 43R, ideal para camper y autocaravana.\",\"breadcrumb\":{\"@id\":\"https:\/\/www.baie-car.com\/es\/producto\/ventana-abatible-proyectable-doble-cristal-11000x450\/#breadcrumb\"},\"inLanguage\":\"es\",\"potentialAction\":[{\"@type\":\"ReadAction\",\"target\":[\"https:\/\/www.baie-car.com\/es\/producto\/ventana-abatible-proyectable-doble-cristal-11000x450\/\"]}]},{\"@type\":\"ImageObject\",\"inLanguage\":\"es\",\"@id\":\"https:\/\/www.baie-car.com\/es\/producto\/ventana-abatible-proyectable-doble-cristal-11000x450\/#primaryimage\",\"url\":\"https:\/\/www.baie-car.com\/wp-content\/uploads\/2025\/11\/Captura-de-pantalla-2025-11-06-065027.jpg\",\"contentUrl\":\"https:\/\/www.baie-car.com\/wp-content\/uploads\/2025\/11\/Captura-de-pantalla-2025-11-06-065027.jpg\",\"width\":793,\"height\":791},{\"@type\":\"BreadcrumbList\",\"@id\":\"https:\/\/www.baie-car.com\/es\/producto\/ventana-abatible-proyectable-doble-cristal-11000x450\/#breadcrumb\",\"itemListElement\":[{\"@type\":\"ListItem\",\"position\":1,\"name\":\"Accueil\",\"item\":\"https:\/\/www.baie-car.com\/es\/\"},{\"@type\":\"ListItem\",\"position\":2,\"name\":\"Productos\",\"item\":\"https:\/\/www.baie-car.com\/es\/shop\/\"},{\"@type\":\"ListItem\",\"position\":3,\"name\":\"Ventana abatible proyectable doble cristales acr\u00edlico 1100&#215;450 mm\"}]},{\"@type\":\"WebSite\",\"@id\":\"https:\/\/www.baie-car.com\/#website\",\"url\":\"https:\/\/www.baie-car.com\/\",\"name\":\"Baie-car\",\"description\":\"VENTA DE VENTANA PARA CARAVANA CAMPER\",\"potentialAction\":[{\"@type\":\"SearchAction\",\"target\":{\"@type\":\"EntryPoint\",\"urlTemplate\":\"https:\/\/www.baie-car.com\/?s={search_term_string}\"},\"query-input\":\"required name=search_term_string\"}],\"inLanguage\":\"es\"}]}<\/script>\n<!-- \/ Yoast SEO plugin. -->","yoast_head_json":{"title":"Ventana abatible proyectable doble cristales acrilico 1100x450 mm","description":"Ventana abatible 1100x450 doble cristal acr\u00edlico con oscurecedor y mosquitera. Alta calidad, homologada ECE 43R, ideal para camper y autocaravana.","robots":{"index":"index","follow":"follow","max-snippet":"max-snippet:-1","max-image-preview":"max-image-preview:large","max-video-preview":"max-video-preview:-1"},"canonical":"https:\/\/www.baie-car.com\/es\/producto\/ventana-abatible-proyectable-doble-cristal-11000x450\/","og_locale":"es_ES","og_type":"article","og_title":"Ventana abatible proyectable doble cristales acrilico 1100x450 mm","og_description":"Ventana abatible 1100x450 doble cristal acr\u00edlico con oscurecedor y mosquitera. Alta calidad, homologada ECE 43R, ideal para camper y autocaravana.","og_url":"https:\/\/www.baie-car.com\/es\/producto\/ventana-abatible-proyectable-doble-cristal-11000x450\/","og_site_name":"Baie-car","article_modified_time":"2025-12-10T10:01:34+00:00","og_image":[{"width":793,"height":791,"url":"https:\/\/www.baie-car.com\/wp-content\/uploads\/2025\/11\/Captura-de-pantalla-2025-11-06-065027.jpg","type":"image\/jpeg"}],"twitter_card":"summary_large_image","twitter_misc":{"Tiempo de lectura":"3 minutos"},"schema":{"@context":"https:\/\/schema.org","@graph":[{"@type":"WebPage","@id":"https:\/\/www.baie-car.com\/es\/producto\/ventana-abatible-proyectable-doble-cristal-11000x450\/","url":"https:\/\/www.baie-car.com\/es\/producto\/ventana-abatible-proyectable-doble-cristal-11000x450\/","name":"Ventana abatible proyectable doble cristales acrilico 1100x450 mm","isPartOf":{"@id":"https:\/\/www.baie-car.com\/#website"},"primaryImageOfPage":{"@id":"https:\/\/www.baie-car.com\/es\/producto\/ventana-abatible-proyectable-doble-cristal-11000x450\/#primaryimage"},"image":{"@id":"https:\/\/www.baie-car.com\/es\/producto\/ventana-abatible-proyectable-doble-cristal-11000x450\/#primaryimage"},"thumbnailUrl":"https:\/\/www.baie-car.com\/wp-content\/uploads\/2025\/11\/Captura-de-pantalla-2025-11-06-065027.jpg","datePublished":"2025-11-10T14:59:56+00:00","dateModified":"2025-12-10T10:01:34+00:00","description":"Ventana abatible 1100x450 doble cristal acr\u00edlico con oscurecedor y mosquitera. Alta calidad, homologada ECE 43R, ideal para camper y autocaravana.","breadcrumb":{"@id":"https:\/\/www.baie-car.com\/es\/producto\/ventana-abatible-proyectable-doble-cristal-11000x450\/#breadcrumb"},"inLanguage":"es","potentialAction":[{"@type":"ReadAction","target":["https:\/\/www.baie-car.com\/es\/producto\/ventana-abatible-proyectable-doble-cristal-11000x450\/"]}]},{"@type":"ImageObject","inLanguage":"es","@id":"https:\/\/www.baie-car.com\/es\/producto\/ventana-abatible-proyectable-doble-cristal-11000x450\/#primaryimage","url":"https:\/\/www.baie-car.com\/wp-content\/uploads\/2025\/11\/Captura-de-pantalla-2025-11-06-065027.jpg","contentUrl":"https:\/\/www.baie-car.com\/wp-content\/uploads\/2025\/11\/Captura-de-pantalla-2025-11-06-065027.jpg","width":793,"height":791},{"@type":"BreadcrumbList","@id":"https:\/\/www.baie-car.com\/es\/producto\/ventana-abatible-proyectable-doble-cristal-11000x450\/#breadcrumb","itemListElement":[{"@type":"ListItem","position":1,"name":"Accueil","item":"https:\/\/www.baie-car.com\/es\/"},{"@type":"ListItem","position":2,"name":"Productos","item":"https:\/\/www.baie-car.com\/es\/shop\/"},{"@type":"ListItem","position":3,"name":"Ventana abatible proyectable doble cristales acr\u00edlico 1100&#215;450 mm"}]},{"@type":"WebSite","@id":"https:\/\/www.baie-car.com\/#website","url":"https:\/\/www.baie-car.com\/","name":"Baie-car","description":"VENTA DE VENTANA PARA CARAVANA CAMPER","potentialAction":[{"@type":"SearchAction","target":{"@type":"EntryPoint","urlTemplate":"https:\/\/www.baie-car.com\/?s={search_term_string}"},"query-input":"required name=search_term_string"}],"inLanguage":"es"}]}},"_links":{"self":[{"href":"https:\/\/www.baie-car.com\/es\/wp-json\/wp\/v2\/product\/8321","targetHints":{"allow":["GET"]}}],"collection":[{"href":"https:\/\/www.baie-car.com\/es\/wp-json\/wp\/v2\/product"}],"about":[{"href":"https:\/\/www.baie-car.com\/es\/wp-json\/wp\/v2\/types\/product"}],"wp:featuredmedia":[{"embeddable":true,"href":"https:\/\/www.baie-car.com\/es\/wp-json\/wp\/v2\/media\/8279"}],"wp:attachment":[{"href":"https:\/\/www.baie-car.com\/es\/wp-json\/wp\/v2\/media?parent=8321"}],"wp:term":[{"taxonomy":"product_cat","embeddable":true,"href":"https:\/\/www.baie-car.com\/es\/wp-json\/wp\/v2\/product_cat?post=8321"},{"taxonomy":"product_tag","embeddable":true,"href":"https:\/\/www.baie-car.com\/es\/wp-json\/wp\/v2\/product_tag?post=8321"}],"curies":[{"name":"wp","href":"https:\/\/api.w.org\/{rel}","templated":true}]}}