{"id":8261,"date":"2025-11-10T07:36:50","date_gmt":"2025-11-10T06:36:51","guid":{"rendered":"https:\/\/www.baie-car.com\/?post_type=product&#038;p=8261"},"modified":"2026-03-09T09:10:21","modified_gmt":"2026-03-09T08:10:21","slug":"ventana-abatible-proyectable-doble-critales-600x350","status":"publish","type":"product","link":"https:\/\/www.baie-car.com\/es\/producto\/ventana-abatible-proyectable-doble-critales-600x350\/","title":{"rendered":"Ventana abatible proyectable doble cristales 600x350mm"},"content":{"rendered":"<div class=\"vc_row wpb_row vc_row-fluid vc_custom_1545443777154 vc_row-o-equal-height vc_row-o-content-middle vc_row-flex responsive_js_composer_custom_css_223040743\"><div class=\"wpb_column vc_column_container vc_col-sm-7\"><div class=\"vc_column-inner\"><div class=\"wpb_wrapper\">\r\n\t<div class=\"wpb_single_image wpb_content_element vc_align_center  responsive_js_composer_custom_css_808411163\">\r\n\t\t\r\n\t\t<figure class=\"wpb_wrapper vc_figure\">\r\n\t\t\t<div class=\"vc_single_image-wrapper   vc_box_border_grey\"><img loading=\"lazy\" decoding=\"async\" width=\"650\" height=\"332\" src=\"https:\/\/www.baie-car.com\/wp-content\/uploads\/2025\/11\/MEDIDA-600X350.jpg\" class=\"vc_single_image-img attachment-full\" alt=\"\" srcset=\"https:\/\/www.baie-car.com\/wp-content\/uploads\/2025\/11\/MEDIDA-600X350.jpg 650w, https:\/\/www.baie-car.com\/wp-content\/uploads\/2025\/11\/MEDIDA-600X350-300x153.jpg 300w, https:\/\/www.baie-car.com\/wp-content\/uploads\/2025\/11\/MEDIDA-600X350-600x306.jpg 600w\" sizes=\"auto, (max-width: 650px) 100vw, 650px\" \/><\/div>\r\n\t\t<\/figure>\r\n\t<\/div>\r\n<\/div><\/div><\/div><div class=\"wpb_column vc_column_container vc_col-sm-5 responsive_js_composer_custom_css_1865125755\"><div class=\"vc_column-inner vc_custom_1545443703564\"><div class=\"wpb_wrapper\"><h2 style=\"font-size: 40px;color: #354351;text-align: left;font-family:Open Sans;font-weight:300;font-style:normal\" class=\"vc_custom_heading responsive_js_composer_custom_css_942074950\" >Ventana abatible proyectable doble cristales 600x350 mm BAIE-CAR<\/h2>\n\t<div class=\"wpb_text_column wpb_content_element  responsive_js_composer_custom_css_535524952\" >\n\t\t<div class=\"wpb_wrapper\">\n\t\t\t<h3 data-start=\"159\" data-end=\"266\"><strong data-start=\"163\" data-end=\"266\">Ventana corredera de doble acristalamiento acr\u00edlico con oscurecedor y mosquitera \u2013 Calidad BAIE-CAR<\/strong><\/h3>\n<p data-start=\"268\" data-end=\"363\"><strong data-start=\"268\" data-end=\"363\">La combinaci\u00f3n perfecta entre dise\u00f1o, confort y rendimiento para tus veh\u00edculos camperizados<\/strong><\/p>\n<p data-start=\"365\" data-end=\"700\">Descubre la nueva generaci\u00f3n de <strong data-start=\"397\" data-end=\"454\">ventanas correderas de doble acristalamiento acr\u00edlico<\/strong> distribuidas por <strong data-start=\"472\" data-end=\"484\">BAIE-CAR<\/strong>, dise\u00f1adas para garantizar una <strong data-start=\"516\" data-end=\"538\">luminosidad \u00f3ptima<\/strong>, un <strong data-start=\"543\" data-end=\"568\">aislamiento reforzado<\/strong> y una <strong data-start=\"575\" data-end=\"595\">seguridad m\u00e1xima<\/strong> en todo tipo de instalaciones: <strong data-start=\"627\" data-end=\"700\">autocaravanas, furgonetas camper, caravanas o camiones para caballos.<\/strong><\/p>\n<p data-start=\"702\" data-end=\"901\">Fabricadas conforme a las <strong data-start=\"728\" data-end=\"755\">normas europeas ECE 43R<\/strong>, estas ventanas aseguran la <strong data-start=\"784\" data-end=\"805\">homologaci\u00f3n<\/strong>\u00a0y una <strong data-start=\"812\" data-end=\"843\">instalaci\u00f3n r\u00e1pida y fiable<\/strong> en cualquier tipo de pared recta o ligeramente curvada.<\/p>\n<hr data-start=\"903\" data-end=\"906\" \/>\n<h3 data-start=\"908\" data-end=\"978\"><strong data-start=\"912\" data-end=\"978\">Caracter\u00edsticas t\u00e9cnicas \u2013 Ventana corredera acr\u00edlica BAIE-CAR<\/strong><\/h3>\n<ul data-start=\"980\" data-end=\"2000\">\n<li data-start=\"980\" data-end=\"1095\">\n<p data-start=\"982\" data-end=\"1095\"><strong data-start=\"982\" data-end=\"1011\">Apertura corredera suave:<\/strong> sistema robusto y preciso que permite una <strong data-start=\"1054\" data-end=\"1093\">ventilaci\u00f3n regulable y silenciosa.<\/strong><\/p>\n<\/li>\n<li data-start=\"1096\" data-end=\"1234\">\n<p data-start=\"1098\" data-end=\"1234\"><strong data-start=\"1098\" data-end=\"1141\">Doble acristalamiento acr\u00edlico tintado:<\/strong> garantiza un <strong data-start=\"1155\" data-end=\"1195\">excelente confort t\u00e9rmico y ac\u00fastico<\/strong>, bloqueando adem\u00e1s los <strong data-start=\"1219\" data-end=\"1232\">rayos UV.<\/strong><\/p>\n<\/li>\n<li data-start=\"1235\" data-end=\"1356\">\n<p data-start=\"1237\" data-end=\"1356\"><strong data-start=\"1237\" data-end=\"1289\">Marco exterior de aluminio lacado en negro mate:<\/strong> acabado de <strong data-start=\"1301\" data-end=\"1314\">alta gama<\/strong>, <strong data-start=\"1316\" data-end=\"1333\">anticorrosi\u00f3n<\/strong> y de larga duraci\u00f3n.<\/p>\n<\/li>\n<li data-start=\"1357\" data-end=\"1478\">\n<p data-start=\"1359\" data-end=\"1478\"><strong data-start=\"1359\" data-end=\"1383\">Contramarco interior<\/strong> con <strong data-start=\"1388\" data-end=\"1433\">estor oscurecedor y mosquitera integrados<\/strong>, para un aspecto <strong data-start=\"1451\" data-end=\"1476\">elegante y funcional.<\/strong><\/p>\n<\/li>\n<li data-start=\"1479\" data-end=\"1572\">\n<p data-start=\"1481\" data-end=\"1572\"><strong data-start=\"1481\" data-end=\"1520\">Compatible con todo tipo de paredes<\/strong>, ya sean <strong data-start=\"1530\" data-end=\"1570\">paneles s\u00e1ndwich o chapas met\u00e1licas.<\/strong><\/p>\n<\/li>\n<li data-start=\"1573\" data-end=\"1614\">\n<p data-start=\"1575\" data-end=\"1614\"><strong data-start=\"1575\" data-end=\"1603\">Dimensiones disponibles:<\/strong> (L x H).<\/p>\n<\/li>\n<li data-start=\"1615\" data-end=\"1661\">\n<p data-start=\"1617\" data-end=\"1661\"><strong data-start=\"1617\" data-end=\"1659\">Cristal acr\u00edlico tintado transparente.<\/strong><\/p>\n<\/li>\n<li data-start=\"1662\" data-end=\"1734\">\n<p data-start=\"1664\" data-end=\"1734\"><strong data-start=\"1664\" data-end=\"1693\">Doble cierre de seguridad<\/strong> y <strong data-start=\"1696\" data-end=\"1732\">junta de estanqueidad reforzada.<\/strong><\/p>\n<\/li>\n<li data-start=\"1735\" data-end=\"1765\">\n<p data-start=\"1737\" data-end=\"1765\"><strong data-start=\"1737\" data-end=\"1756\">Radio de corte:<\/strong> 70 mm.<\/p>\n<\/li>\n<li data-start=\"1766\" data-end=\"1845\">\n<p data-start=\"1768\" data-end=\"1845\"><strong data-start=\"1768\" data-end=\"1796\">Contramarco suministrado<\/strong> para paredes con espesor entre <strong data-start=\"1828\" data-end=\"1843\">25 y 35 mm.<\/strong><\/p>\n<\/li>\n<li data-start=\"1846\" data-end=\"1885\">\n<p data-start=\"1848\" data-end=\"1885\"><strong data-start=\"1848\" data-end=\"1873\">Adhesivo recomendado:<\/strong> Sika 221.<\/p>\n<\/li>\n<li data-start=\"1886\" data-end=\"1945\">\n<p data-start=\"1888\" data-end=\"1945\"><strong data-start=\"1888\" data-end=\"1933\">Junta exterior resistente a los rayos UV:<\/strong> Saba 720.<\/p>\n<\/li>\n<li data-start=\"1946\" data-end=\"2000\">\n<p data-start=\"1948\" data-end=\"2000\"><strong data-start=\"1948\" data-end=\"2000\">Certificada ECE 43R \u2013 Homologaci\u00f3n europea .<\/strong><\/p>\n<\/li>\n<\/ul>\n\n\t\t<\/div>\n\t<\/div>\n<\/div><\/div><\/div><\/div><div class=\"vc_row wpb_row vc_row-fluid vc_row-o-equal-height vc_row-o-content-middle vc_row-flex responsive_js_composer_custom_css_1841065901\"><div class=\"wpb_column vc_column_container vc_col-sm-5 responsive_js_composer_custom_css_58782919\"><div class=\"vc_column-inner vc_custom_1545961440893\"><div class=\"wpb_wrapper\"><h2 style=\"font-size: 40px;color: #ce7147;text-align: left;font-family:Open Sans;font-weight:300;font-style:normal\" class=\"vc_custom_heading responsive_js_composer_custom_css_55420693\" ><a href=\"https:\/\/www.baie-car.com\/es\/ventana-corredera-abatible\/\" title=\"Ventana corredera est\u00e1ndar\">Ventana corredera de doble acristalamiento acr\u00edlico con oscurecedor y mosquitera integrada \u2013 Calidad BAIE-CAR<\/a><\/h2>\n\t<div class=\"wpb_text_column wpb_content_element  responsive_js_composer_custom_css_1346679393\" >\n\t\t<div class=\"wpb_wrapper\">\n\t\t\t<p data-start=\"280\" data-end=\"500\"><strong data-start=\"280\" data-end=\"292\">BAIE-CAR<\/strong> es un <strong data-start=\"299\" data-end=\"385\">distribuidor especializado en ventanas abatibles de doble acristalamiento acr\u00edlico<\/strong>, dise\u00f1adas para <strong data-start=\"402\" data-end=\"500\">autobuses, camiones para caballos, furgonetas camper, autocaravanas y veh\u00edculos profesionales.<\/strong><\/p>\n<p data-start=\"502\" data-end=\"875\">Contamos con una amplia experiencia en el sector, lo que nos permite <strong data-start=\"571\" data-end=\"629\">seleccionar y distribuir ventanas certificadas ECE 43R<\/strong>, reconocidas por su <strong data-start=\"650\" data-end=\"698\">alta calidad, resistencia y dise\u00f1o funcional<\/strong>.<br data-start=\"699\" data-end=\"702\" \/>Nuestro compromiso es ofrecer a los <strong data-start=\"738\" data-end=\"792\">fabricantes, carroceros y profesionales del sector<\/strong> productos <strong data-start=\"803\" data-end=\"875\">fiables, duraderos y adaptados a las necesidades reales del mercado.<\/strong><\/p>\n<p data-start=\"877\" data-end=\"1088\">En <strong data-start=\"880\" data-end=\"892\">BAIE-CAR<\/strong> colaboramos con <strong data-start=\"909\" data-end=\"946\">proveedores europeos de prestigio<\/strong>, garantizando un <strong data-start=\"964\" data-end=\"1007\">aislamiento t\u00e9rmico y ac\u00fastico superior<\/strong>, as\u00ed como una <strong data-start=\"1022\" data-end=\"1055\">instalaci\u00f3n sencilla y segura<\/strong> en cualquier tipo de veh\u00edculo.<\/p>\n<p data-start=\"1090\" data-end=\"1331\">Estas <strong data-start=\"1096\" data-end=\"1144\">ventanas abatibles de doble cristal acr\u00edlico<\/strong>, con <strong data-start=\"1150\" data-end=\"1195\">mosquitera y estor oscurecedor integrados<\/strong>, son ideales para mejorar el <strong data-start=\"1225\" data-end=\"1275\">confort interior, la est\u00e9tica y la ventilaci\u00f3n<\/strong> en proyectos de camperizaci\u00f3n o veh\u00edculos de trabajo.<\/p>\n<p data-start=\"1333\" data-end=\"1566\">Gracias a una <strong data-start=\"1347\" data-end=\"1401\">amplia gama de medidas, acabados y configuraciones<\/strong>, <strong data-start=\"1403\" data-end=\"1415\">BAIE-CAR<\/strong> ofrece un <strong data-start=\"1426\" data-end=\"1465\">asesoramiento t\u00e9cnico personalizado<\/strong> y un <strong data-start=\"1471\" data-end=\"1514\">servicio r\u00e1pido, profesional y flexible<\/strong>, orientado a la <strong data-start=\"1531\" data-end=\"1566\">satisfacci\u00f3n total del cliente.<\/strong><\/p>\n<p data-start=\"1568\" data-end=\"1710\"><strong data-start=\"1568\" data-end=\"1580\">BAIE-CAR<\/strong> \u2014 tu <strong data-start=\"1586\" data-end=\"1635\">referente europeo y distribuidor de confianza<\/strong> en <strong data-start=\"1639\" data-end=\"1710\">ventanas para veh\u00edculos camper, caravanas y camiones para caballos.<\/strong><\/p>\n\n\t\t<\/div>\n\t<\/div>\n            <div class=\"lebe-button style-01   lebe_custom_css_1036182818    vc_custom_1571074434944 responsive_js_composer_custom_css_2057686851\">\r\n                <div class=\"button-inner\">\r\n                                            <a class=\"button\" target=\"_self\"\r\n                           href=\"http:\/\/www.baie-car.com\/dev\/contact\/\">Cont\u00e1ctenos<\/a>\r\n                                    <\/div>\r\n            <\/div>\r\n            <\/div><\/div><\/div><div class=\"wpb_column vc_column_container vc_col-sm-7\"><div class=\"vc_column-inner\"><div class=\"wpb_wrapper\">\r\n\t<div class=\"wpb_single_image wpb_content_element vc_align_center  responsive_js_composer_custom_css_1379495576\">\r\n\t\t\r\n\t\t<figure class=\"wpb_wrapper vc_figure\">\r\n\t\t\t<div class=\"vc_single_image-wrapper   vc_box_border_grey\"><img loading=\"lazy\" decoding=\"async\" width=\"1800\" height=\"2400\" src=\"https:\/\/www.baie-car.com\/wp-content\/uploads\/2025\/11\/Photoroom_20251110_153926.jpeg\" class=\"vc_single_image-img attachment-full\" alt=\"\" srcset=\"https:\/\/www.baie-car.com\/wp-content\/uploads\/2025\/11\/Photoroom_20251110_153926.jpeg 1800w, https:\/\/www.baie-car.com\/wp-content\/uploads\/2025\/11\/Photoroom_20251110_153926-225x300.jpeg 225w, https:\/\/www.baie-car.com\/wp-content\/uploads\/2025\/11\/Photoroom_20251110_153926-768x1024.jpeg 768w, https:\/\/www.baie-car.com\/wp-content\/uploads\/2025\/11\/Photoroom_20251110_153926-1152x1536.jpeg 1152w, https:\/\/www.baie-car.com\/wp-content\/uploads\/2025\/11\/Photoroom_20251110_153926-1536x2048.jpeg 1536w, https:\/\/www.baie-car.com\/wp-content\/uploads\/2025\/11\/Photoroom_20251110_153926-600x800.jpeg 600w\" sizes=\"auto, (max-width: 1800px) 100vw, 1800px\" \/><\/div>\r\n\t\t<\/figure>\r\n\t<\/div>\r\n<\/div><\/div><\/div><\/div><div data-vc-full-width=\"true\" data-vc-full-width-init=\"false\" data-vc-stretch-content=\"true\" class=\"vc_row wpb_row vc_row-fluid vc_row-no-padding responsive_js_composer_custom_css_1960533396\"><div class=\"wpb_column vc_column_container vc_col-sm-12\"><div class=\"vc_column-inner\"><div class=\"wpb_wrapper\"><\/div><\/div><\/div><\/div><div class=\"vc_row-full-width vc_clearfix\"><\/div>\n","protected":false},"excerpt":{"rendered":"Ventana abatible proyectable doble cristales 600x350 mm BAIE-CAR Ventana corredera de doble acristalamiento acr\u00edlico con oscurecedor y mosquitera \u2013 Calidad BAIE-CAR La combinaci\u00f3n perfecta entre dise\u00f1o, confort y rendimiento para tus veh\u00edculos camperizados Descubre la nueva generaci\u00f3n de ventanas correderas de doble acristalamiento acr\u00edlico distribuidas por BAIE-CAR, dise\u00f1adas para garantizar una luminosidad \u00f3ptima, un aislamiento [...]","protected":false},"featured_media":8319,"template":"","meta":[],"product_cat":[135],"product_tag":[],"class_list":["post-8261","product","type-product","status-publish","has-post-thumbnail","hentry","product_cat-ventana-con-doble-acristalamiento"],"yoast_head":"<!-- This site is optimized with the Yoast SEO plugin v22.3 - https:\/\/yoast.com\/wordpress\/plugins\/seo\/ -->\n<title>Ventana abatible proyectable 600x350 mm<\/title>\n<meta name=\"description\" content=\"ventana abatible proyectable doble cristales, batiente 600x350 mm para las instalaciones de su caravana, furgoneta camper y otros veh\u00edculos.\" \/>\n<meta name=\"robots\" content=\"index, follow, max-snippet:-1, max-image-preview:large, max-video-preview:-1\" \/>\n<link rel=\"canonical\" href=\"https:\/\/www.baie-car.com\/es\/producto\/ventana-abatible-proyectable-doble-critales-600x350\/\" \/>\n<meta property=\"og:locale\" content=\"es_ES\" \/>\n<meta property=\"og:type\" content=\"article\" \/>\n<meta property=\"og:title\" content=\"Ventana abatible proyectable 600x350 mm\" \/>\n<meta property=\"og:description\" content=\"ventana abatible proyectable doble cristales, batiente 600x350 mm para las instalaciones de su caravana, furgoneta camper y otros veh\u00edculos.\" \/>\n<meta property=\"og:url\" content=\"https:\/\/www.baie-car.com\/es\/producto\/ventana-abatible-proyectable-doble-critales-600x350\/\" \/>\n<meta property=\"og:site_name\" content=\"Baie-car\" \/>\n<meta property=\"article:modified_time\" content=\"2026-03-09T08:10:21+00:00\" \/>\n<meta property=\"og:image\" content=\"https:\/\/www.baie-car.com\/wp-content\/uploads\/2025\/11\/Photoroom_20251110_154017.jpg\" \/>\n\t<meta property=\"og:image:width\" content=\"1926\" \/>\n\t<meta property=\"og:image:height\" content=\"1445\" \/>\n\t<meta property=\"og:image:type\" content=\"image\/jpeg\" \/>\n<meta name=\"twitter:card\" content=\"summary_large_image\" \/>\n<meta name=\"twitter:label1\" content=\"Tiempo de lectura\" \/>\n\t<meta name=\"twitter:data1\" content=\"3 minutos\" \/>\n<script type=\"application\/ld+json\" class=\"yoast-schema-graph\">{\"@context\":\"https:\/\/schema.org\",\"@graph\":[{\"@type\":\"WebPage\",\"@id\":\"https:\/\/www.baie-car.com\/es\/producto\/ventana-abatible-proyectable-doble-critales-600x350\/\",\"url\":\"https:\/\/www.baie-car.com\/es\/producto\/ventana-abatible-proyectable-doble-critales-600x350\/\",\"name\":\"Ventana abatible proyectable 600x350 mm\",\"isPartOf\":{\"@id\":\"https:\/\/www.baie-car.com\/#website\"},\"primaryImageOfPage\":{\"@id\":\"https:\/\/www.baie-car.com\/es\/producto\/ventana-abatible-proyectable-doble-critales-600x350\/#primaryimage\"},\"image\":{\"@id\":\"https:\/\/www.baie-car.com\/es\/producto\/ventana-abatible-proyectable-doble-critales-600x350\/#primaryimage\"},\"thumbnailUrl\":\"https:\/\/www.baie-car.com\/wp-content\/uploads\/2025\/11\/Photoroom_20251110_154017.jpg\",\"datePublished\":\"2025-11-10T06:36:51+00:00\",\"dateModified\":\"2026-03-09T08:10:21+00:00\",\"description\":\"ventana abatible proyectable doble cristales, batiente 600x350 mm para las instalaciones de su caravana, furgoneta camper y otros veh\u00edculos.\",\"breadcrumb\":{\"@id\":\"https:\/\/www.baie-car.com\/es\/producto\/ventana-abatible-proyectable-doble-critales-600x350\/#breadcrumb\"},\"inLanguage\":\"es\",\"potentialAction\":[{\"@type\":\"ReadAction\",\"target\":[\"https:\/\/www.baie-car.com\/es\/producto\/ventana-abatible-proyectable-doble-critales-600x350\/\"]}]},{\"@type\":\"ImageObject\",\"inLanguage\":\"es\",\"@id\":\"https:\/\/www.baie-car.com\/es\/producto\/ventana-abatible-proyectable-doble-critales-600x350\/#primaryimage\",\"url\":\"https:\/\/www.baie-car.com\/wp-content\/uploads\/2025\/11\/Photoroom_20251110_154017.jpg\",\"contentUrl\":\"https:\/\/www.baie-car.com\/wp-content\/uploads\/2025\/11\/Photoroom_20251110_154017.jpg\",\"width\":1926,\"height\":1445},{\"@type\":\"BreadcrumbList\",\"@id\":\"https:\/\/www.baie-car.com\/es\/producto\/ventana-abatible-proyectable-doble-critales-600x350\/#breadcrumb\",\"itemListElement\":[{\"@type\":\"ListItem\",\"position\":1,\"name\":\"Accueil\",\"item\":\"https:\/\/www.baie-car.com\/es\/\"},{\"@type\":\"ListItem\",\"position\":2,\"name\":\"Productos\",\"item\":\"https:\/\/www.baie-car.com\/es\/shop\/\"},{\"@type\":\"ListItem\",\"position\":3,\"name\":\"Ventana abatible proyectable doble cristales 600x350mm\"}]},{\"@type\":\"WebSite\",\"@id\":\"https:\/\/www.baie-car.com\/#website\",\"url\":\"https:\/\/www.baie-car.com\/\",\"name\":\"Baie-car\",\"description\":\"VENTA DE VENTANA PARA CARAVANA CAMPER\",\"potentialAction\":[{\"@type\":\"SearchAction\",\"target\":{\"@type\":\"EntryPoint\",\"urlTemplate\":\"https:\/\/www.baie-car.com\/?s={search_term_string}\"},\"query-input\":\"required name=search_term_string\"}],\"inLanguage\":\"es\"}]}<\/script>\n<!-- \/ Yoast SEO plugin. -->","yoast_head_json":{"title":"Ventana abatible proyectable 600x350 mm","description":"ventana abatible proyectable doble cristales, batiente 600x350 mm para las instalaciones de su caravana, furgoneta camper y otros veh\u00edculos.","robots":{"index":"index","follow":"follow","max-snippet":"max-snippet:-1","max-image-preview":"max-image-preview:large","max-video-preview":"max-video-preview:-1"},"canonical":"https:\/\/www.baie-car.com\/es\/producto\/ventana-abatible-proyectable-doble-critales-600x350\/","og_locale":"es_ES","og_type":"article","og_title":"Ventana abatible proyectable 600x350 mm","og_description":"ventana abatible proyectable doble cristales, batiente 600x350 mm para las instalaciones de su caravana, furgoneta camper y otros veh\u00edculos.","og_url":"https:\/\/www.baie-car.com\/es\/producto\/ventana-abatible-proyectable-doble-critales-600x350\/","og_site_name":"Baie-car","article_modified_time":"2026-03-09T08:10:21+00:00","og_image":[{"width":1926,"height":1445,"url":"https:\/\/www.baie-car.com\/wp-content\/uploads\/2025\/11\/Photoroom_20251110_154017.jpg","type":"image\/jpeg"}],"twitter_card":"summary_large_image","twitter_misc":{"Tiempo de lectura":"3 minutos"},"schema":{"@context":"https:\/\/schema.org","@graph":[{"@type":"WebPage","@id":"https:\/\/www.baie-car.com\/es\/producto\/ventana-abatible-proyectable-doble-critales-600x350\/","url":"https:\/\/www.baie-car.com\/es\/producto\/ventana-abatible-proyectable-doble-critales-600x350\/","name":"Ventana abatible proyectable 600x350 mm","isPartOf":{"@id":"https:\/\/www.baie-car.com\/#website"},"primaryImageOfPage":{"@id":"https:\/\/www.baie-car.com\/es\/producto\/ventana-abatible-proyectable-doble-critales-600x350\/#primaryimage"},"image":{"@id":"https:\/\/www.baie-car.com\/es\/producto\/ventana-abatible-proyectable-doble-critales-600x350\/#primaryimage"},"thumbnailUrl":"https:\/\/www.baie-car.com\/wp-content\/uploads\/2025\/11\/Photoroom_20251110_154017.jpg","datePublished":"2025-11-10T06:36:51+00:00","dateModified":"2026-03-09T08:10:21+00:00","description":"ventana abatible proyectable doble cristales, batiente 600x350 mm para las instalaciones de su caravana, furgoneta camper y otros veh\u00edculos.","breadcrumb":{"@id":"https:\/\/www.baie-car.com\/es\/producto\/ventana-abatible-proyectable-doble-critales-600x350\/#breadcrumb"},"inLanguage":"es","potentialAction":[{"@type":"ReadAction","target":["https:\/\/www.baie-car.com\/es\/producto\/ventana-abatible-proyectable-doble-critales-600x350\/"]}]},{"@type":"ImageObject","inLanguage":"es","@id":"https:\/\/www.baie-car.com\/es\/producto\/ventana-abatible-proyectable-doble-critales-600x350\/#primaryimage","url":"https:\/\/www.baie-car.com\/wp-content\/uploads\/2025\/11\/Photoroom_20251110_154017.jpg","contentUrl":"https:\/\/www.baie-car.com\/wp-content\/uploads\/2025\/11\/Photoroom_20251110_154017.jpg","width":1926,"height":1445},{"@type":"BreadcrumbList","@id":"https:\/\/www.baie-car.com\/es\/producto\/ventana-abatible-proyectable-doble-critales-600x350\/#breadcrumb","itemListElement":[{"@type":"ListItem","position":1,"name":"Accueil","item":"https:\/\/www.baie-car.com\/es\/"},{"@type":"ListItem","position":2,"name":"Productos","item":"https:\/\/www.baie-car.com\/es\/shop\/"},{"@type":"ListItem","position":3,"name":"Ventana abatible proyectable doble cristales 600x350mm"}]},{"@type":"WebSite","@id":"https:\/\/www.baie-car.com\/#website","url":"https:\/\/www.baie-car.com\/","name":"Baie-car","description":"VENTA DE VENTANA PARA CARAVANA CAMPER","potentialAction":[{"@type":"SearchAction","target":{"@type":"EntryPoint","urlTemplate":"https:\/\/www.baie-car.com\/?s={search_term_string}"},"query-input":"required name=search_term_string"}],"inLanguage":"es"}]}},"_links":{"self":[{"href":"https:\/\/www.baie-car.com\/es\/wp-json\/wp\/v2\/product\/8261","targetHints":{"allow":["GET"]}}],"collection":[{"href":"https:\/\/www.baie-car.com\/es\/wp-json\/wp\/v2\/product"}],"about":[{"href":"https:\/\/www.baie-car.com\/es\/wp-json\/wp\/v2\/types\/product"}],"wp:featuredmedia":[{"embeddable":true,"href":"https:\/\/www.baie-car.com\/es\/wp-json\/wp\/v2\/media\/8319"}],"wp:attachment":[{"href":"https:\/\/www.baie-car.com\/es\/wp-json\/wp\/v2\/media?parent=8261"}],"wp:term":[{"taxonomy":"product_cat","embeddable":true,"href":"https:\/\/www.baie-car.com\/es\/wp-json\/wp\/v2\/product_cat?post=8261"},{"taxonomy":"product_tag","embeddable":true,"href":"https:\/\/www.baie-car.com\/es\/wp-json\/wp\/v2\/product_tag?post=8261"}],"curies":[{"name":"wp","href":"https:\/\/api.w.org\/{rel}","templated":true}]}}