{"id":7257,"date":"2024-07-08T07:26:03","date_gmt":"2024-07-08T05:26:04","guid":{"rendered":"https:\/\/www.baie-car.com\/?post_type=product&#038;p=7257"},"modified":"2025-12-10T11:01:34","modified_gmt":"2025-12-10T10:01:34","slug":"sikalastomer-710","status":"publish","type":"product","link":"https:\/\/www.baie-car.com\/es\/producto\/sikalastomer-710\/","title":{"rendered":"sellador butilo Sikalastomer 710"},"content":{"rendered":"<div class=\"vc_row wpb_row vc_row-fluid vc_custom_1545443777154 vc_row-o-equal-height vc_row-o-content-middle vc_row-flex responsive_js_composer_custom_css_264256705\"><div class=\"wpb_column vc_column_container vc_col-sm-12 responsive_js_composer_custom_css_1471051617\"><div class=\"vc_column-inner vc_custom_1545443703564\"><div class=\"wpb_wrapper\"><h2 style=\"font-size: 40px;color: #354351;text-align: left;font-family:Open Sans;font-weight:300;font-style:normal\" class=\"vc_custom_heading responsive_js_composer_custom_css_1097861417\" >sellador Sikalastomer 710<\/h2>\n\t<div class=\"wpb_text_column wpb_content_element  responsive_js_composer_custom_css_172199568\" >\n\t\t<div class=\"wpb_wrapper\">\n\t\t\t<p><strong>BAIE CAR pone a su disposici\u00f3n:<\/strong><\/p>\n<p><span style=\"font-weight: 400;\">-Sellador de butilo<\/span><\/p>\n<p><span style=\"font-weight: 400;\">SikaLastomer &#8211; 710 es un sellador pastoso, resistente y a base de butilo que contiene disolventes. El curado se produce por el aire. Este producto esta adecuado para el sellado de las claraboyas de pl\u00e1stico MPK.\u00a0\u00a0<\/span><\/p>\n<p><strong>uso y aplicaciones:<\/strong><\/p>\n<p><strong>CARACTER\u00cdSTICAS:<\/strong><\/p>\n<p><span style=\"font-weight: 400;\">SikaLastomer 710 es especialmente adecuado para juntas de pl\u00e1stico que se pueden desmontar f\u00e1cilmente. Se utiliza en la industria de autom\u00f3viles, autobuses, camiones y caravanas. SikaLastomer\u00a0 710 muestra una buena adhesi\u00f3n con una preparaci\u00f3n m\u00ednima de la superficie en casi todos los sustratos comunes utilizados en los campos mencionados anteriormente. Se deben realizar pruebas en condiciones reales de procesamiento y con materiales adicionales como fibras y agentes desmoldantes para comprobar la compatibilidad de los materiales.\u00a0 <\/span><span style=\"font-weight: 400;\"><br \/>\n<\/span><strong>COULEUR:<\/strong><span style=\"font-weight: 400;\"><br \/>\n<\/span><span style=\"font-weight: 400;\">Blanc<\/span><span style=\"font-weight: 400;\"><br \/>\n<\/span><strong>EMBALLAGE:<\/strong><span style=\"font-weight: 400;\"><br \/>\n<\/span><span style=\"font-weight: 400;\">Cartouche de 310 ml<\/span><\/p>\n\n\t\t<\/div>\n\t<\/div>\n<\/div><\/div><\/div><\/div><div class=\"vc_row wpb_row vc_row-fluid vc_row-o-equal-height vc_row-o-content-middle vc_row-flex responsive_js_composer_custom_css_97461172\"><div class=\"wpb_column vc_column_container vc_col-sm-5 responsive_js_composer_custom_css_135964593\"><div class=\"vc_column-inner vc_custom_1545961440893\"><div class=\"wpb_wrapper\"><h2 style=\"font-size: 40px;color: #ce7147;text-align: left;font-family:Open Sans;font-weight:300;font-style:normal\" class=\"vc_custom_heading responsive_js_composer_custom_css_202580777\" ><a href=\"http:\/\/www.baie-car.com\/es\/ventana-corredera-estandar\/\" title=\"Ventana corredera est\u00e1ndar\">Sikalastomer 710<\/a><\/h2>\n\t<div class=\"wpb_text_column wpb_content_element  responsive_js_composer_custom_css_1534303215\" >\n\t\t<div class=\"wpb_wrapper\">\n\t\t\t<p><strong>\u2003Baie car, experto especializado en el desarrollo, fabricaci\u00f3n de ventanas y recortes de vidrio en el sector de autobuses, camiones para caballos, furgonetas para caballos, furgonetas equipadas y auto caravanas.<\/strong><br \/>\nDispuestos a las demandas y expectativas de nuestros clientes ofreciendo productos de alta calidad y un servicio din\u00e1mico.<\/p>\n\n\t\t<\/div>\n\t<\/div>\n            <div class=\"lebe-button style-01   lebe_custom_css_727617428    vc_custom_1571074316180 responsive_js_composer_custom_css_187817307\">\r\n                <div class=\"button-inner\">\r\n                                            <a class=\"button\" target=\"_self\"\r\n                           href=\"http:\/\/www.baie-car.com\/dev\/contact\/\">Cont\u00e1ctenos<\/a>\r\n                                    <\/div>\r\n            <\/div>\r\n            <\/div><\/div><\/div><div class=\"wpb_column vc_column_container vc_col-sm-7\"><div class=\"vc_column-inner\"><div class=\"wpb_wrapper\">\r\n\t<div class=\"wpb_single_image wpb_content_element vc_align_center  responsive_js_composer_custom_css_635312485\">\r\n\t\t\r\n\t\t<figure class=\"wpb_wrapper vc_figure\">\r\n\t\t\t<div class=\"vc_single_image-wrapper   vc_box_border_grey\"><img loading=\"lazy\" decoding=\"async\" width=\"1800\" height=\"2400\" src=\"https:\/\/www.baie-car.com\/wp-content\/uploads\/2024\/07\/image_123650291-1.jpg\" class=\"vc_single_image-img attachment-full\" alt=\"\" srcset=\"https:\/\/www.baie-car.com\/wp-content\/uploads\/2024\/07\/image_123650291-1.jpg 1800w, https:\/\/www.baie-car.com\/wp-content\/uploads\/2024\/07\/image_123650291-1-225x300.jpg 225w, https:\/\/www.baie-car.com\/wp-content\/uploads\/2024\/07\/image_123650291-1-768x1024.jpg 768w, https:\/\/www.baie-car.com\/wp-content\/uploads\/2024\/07\/image_123650291-1-1152x1536.jpg 1152w, https:\/\/www.baie-car.com\/wp-content\/uploads\/2024\/07\/image_123650291-1-1536x2048.jpg 1536w, https:\/\/www.baie-car.com\/wp-content\/uploads\/2024\/07\/image_123650291-1-600x800.jpg 600w\" sizes=\"auto, (max-width: 1800px) 100vw, 1800px\" \/><\/div>\r\n\t\t<\/figure>\r\n\t<\/div>\r\n<\/div><\/div><\/div><\/div><div data-vc-full-width=\"true\" data-vc-full-width-init=\"false\" data-vc-stretch-content=\"true\" class=\"vc_row wpb_row vc_row-fluid vc_row-no-padding responsive_js_composer_custom_css_1347812579\"><div class=\"wpb_column vc_column_container vc_col-sm-12\"><div class=\"vc_column-inner\"><div class=\"wpb_wrapper\"><\/div><\/div><\/div><\/div><div class=\"vc_row-full-width vc_clearfix\"><\/div>\n","protected":false},"excerpt":{"rendered":"[contact-form-7 id=\"3239\" title=\"Contact Form Site ES\"]\n","protected":false},"featured_media":7269,"template":"","meta":[],"product_cat":[122],"product_tag":[],"class_list":["post-7257","product","type-product","status-publish","has-post-thumbnail","hentry","product_cat-claraboyas-de-techo"],"yoast_head":"<!-- This site is optimized with the Yoast SEO plugin v22.3 - https:\/\/yoast.com\/wordpress\/plugins\/seo\/ -->\n<title>Sikalastomer sellador para autocaravana<\/title>\n<meta name=\"description\" content=\"SikaLastomer 710, Blanco, Sellador de butilo para el sellado de uniones desmontables, para camper, autobuses, camiones y caravanas, 310ml.\" \/>\n<meta name=\"robots\" content=\"index, follow, max-snippet:-1, max-image-preview:large, max-video-preview:-1\" \/>\n<link rel=\"canonical\" href=\"https:\/\/www.baie-car.com\/es\/producto\/sikalastomer-710\/\" \/>\n<meta property=\"og:locale\" content=\"es_ES\" \/>\n<meta property=\"og:type\" content=\"article\" \/>\n<meta property=\"og:title\" content=\"Sikalastomer sellador para autocaravana\" \/>\n<meta property=\"og:description\" content=\"SikaLastomer 710, Blanco, Sellador de butilo para el sellado de uniones desmontables, para camper, autobuses, camiones y caravanas, 310ml.\" \/>\n<meta property=\"og:url\" content=\"https:\/\/www.baie-car.com\/es\/producto\/sikalastomer-710\/\" \/>\n<meta property=\"og:site_name\" content=\"Baie-car\" \/>\n<meta property=\"article:modified_time\" content=\"2025-12-10T10:01:34+00:00\" \/>\n<meta property=\"og:image\" content=\"https:\/\/www.baie-car.com\/wp-content\/uploads\/2024\/07\/sikalastomer-1-1.jpg\" \/>\n\t<meta property=\"og:image:width\" content=\"800\" \/>\n\t<meta property=\"og:image:height\" content=\"599\" \/>\n\t<meta property=\"og:image:type\" content=\"image\/jpeg\" \/>\n<meta name=\"twitter:card\" content=\"summary_large_image\" \/>\n<meta name=\"twitter:label1\" content=\"Tiempo de lectura\" \/>\n\t<meta name=\"twitter:data1\" content=\"2 minutos\" \/>\n<script type=\"application\/ld+json\" class=\"yoast-schema-graph\">{\"@context\":\"https:\/\/schema.org\",\"@graph\":[{\"@type\":\"WebPage\",\"@id\":\"https:\/\/www.baie-car.com\/es\/producto\/sikalastomer-710\/\",\"url\":\"https:\/\/www.baie-car.com\/es\/producto\/sikalastomer-710\/\",\"name\":\"Sikalastomer sellador para autocaravana\",\"isPartOf\":{\"@id\":\"https:\/\/www.baie-car.com\/#website\"},\"primaryImageOfPage\":{\"@id\":\"https:\/\/www.baie-car.com\/es\/producto\/sikalastomer-710\/#primaryimage\"},\"image\":{\"@id\":\"https:\/\/www.baie-car.com\/es\/producto\/sikalastomer-710\/#primaryimage\"},\"thumbnailUrl\":\"https:\/\/www.baie-car.com\/wp-content\/uploads\/2024\/07\/sikalastomer-1-1.jpg\",\"datePublished\":\"2024-07-08T05:26:04+00:00\",\"dateModified\":\"2025-12-10T10:01:34+00:00\",\"description\":\"SikaLastomer 710, Blanco, Sellador de butilo para el sellado de uniones desmontables, para camper, autobuses, camiones y caravanas, 310ml.\",\"breadcrumb\":{\"@id\":\"https:\/\/www.baie-car.com\/es\/producto\/sikalastomer-710\/#breadcrumb\"},\"inLanguage\":\"es\",\"potentialAction\":[{\"@type\":\"ReadAction\",\"target\":[\"https:\/\/www.baie-car.com\/es\/producto\/sikalastomer-710\/\"]}]},{\"@type\":\"ImageObject\",\"inLanguage\":\"es\",\"@id\":\"https:\/\/www.baie-car.com\/es\/producto\/sikalastomer-710\/#primaryimage\",\"url\":\"https:\/\/www.baie-car.com\/wp-content\/uploads\/2024\/07\/sikalastomer-1-1.jpg\",\"contentUrl\":\"https:\/\/www.baie-car.com\/wp-content\/uploads\/2024\/07\/sikalastomer-1-1.jpg\",\"width\":800,\"height\":599},{\"@type\":\"BreadcrumbList\",\"@id\":\"https:\/\/www.baie-car.com\/es\/producto\/sikalastomer-710\/#breadcrumb\",\"itemListElement\":[{\"@type\":\"ListItem\",\"position\":1,\"name\":\"Accueil\",\"item\":\"https:\/\/www.baie-car.com\/es\/\"},{\"@type\":\"ListItem\",\"position\":2,\"name\":\"Productos\",\"item\":\"https:\/\/www.baie-car.com\/es\/shop\/\"},{\"@type\":\"ListItem\",\"position\":3,\"name\":\"sellador butilo Sikalastomer 710\"}]},{\"@type\":\"WebSite\",\"@id\":\"https:\/\/www.baie-car.com\/#website\",\"url\":\"https:\/\/www.baie-car.com\/\",\"name\":\"Baie-car\",\"description\":\"VENTA DE VENTANA PARA CARAVANA CAMPER\",\"potentialAction\":[{\"@type\":\"SearchAction\",\"target\":{\"@type\":\"EntryPoint\",\"urlTemplate\":\"https:\/\/www.baie-car.com\/?s={search_term_string}\"},\"query-input\":\"required name=search_term_string\"}],\"inLanguage\":\"es\"}]}<\/script>\n<!-- \/ Yoast SEO plugin. -->","yoast_head_json":{"title":"Sikalastomer sellador para autocaravana","description":"SikaLastomer 710, Blanco, Sellador de butilo para el sellado de uniones desmontables, para camper, autobuses, camiones y caravanas, 310ml.","robots":{"index":"index","follow":"follow","max-snippet":"max-snippet:-1","max-image-preview":"max-image-preview:large","max-video-preview":"max-video-preview:-1"},"canonical":"https:\/\/www.baie-car.com\/es\/producto\/sikalastomer-710\/","og_locale":"es_ES","og_type":"article","og_title":"Sikalastomer sellador para autocaravana","og_description":"SikaLastomer 710, Blanco, Sellador de butilo para el sellado de uniones desmontables, para camper, autobuses, camiones y caravanas, 310ml.","og_url":"https:\/\/www.baie-car.com\/es\/producto\/sikalastomer-710\/","og_site_name":"Baie-car","article_modified_time":"2025-12-10T10:01:34+00:00","og_image":[{"width":800,"height":599,"url":"https:\/\/www.baie-car.com\/wp-content\/uploads\/2024\/07\/sikalastomer-1-1.jpg","type":"image\/jpeg"}],"twitter_card":"summary_large_image","twitter_misc":{"Tiempo de lectura":"2 minutos"},"schema":{"@context":"https:\/\/schema.org","@graph":[{"@type":"WebPage","@id":"https:\/\/www.baie-car.com\/es\/producto\/sikalastomer-710\/","url":"https:\/\/www.baie-car.com\/es\/producto\/sikalastomer-710\/","name":"Sikalastomer sellador para autocaravana","isPartOf":{"@id":"https:\/\/www.baie-car.com\/#website"},"primaryImageOfPage":{"@id":"https:\/\/www.baie-car.com\/es\/producto\/sikalastomer-710\/#primaryimage"},"image":{"@id":"https:\/\/www.baie-car.com\/es\/producto\/sikalastomer-710\/#primaryimage"},"thumbnailUrl":"https:\/\/www.baie-car.com\/wp-content\/uploads\/2024\/07\/sikalastomer-1-1.jpg","datePublished":"2024-07-08T05:26:04+00:00","dateModified":"2025-12-10T10:01:34+00:00","description":"SikaLastomer 710, Blanco, Sellador de butilo para el sellado de uniones desmontables, para camper, autobuses, camiones y caravanas, 310ml.","breadcrumb":{"@id":"https:\/\/www.baie-car.com\/es\/producto\/sikalastomer-710\/#breadcrumb"},"inLanguage":"es","potentialAction":[{"@type":"ReadAction","target":["https:\/\/www.baie-car.com\/es\/producto\/sikalastomer-710\/"]}]},{"@type":"ImageObject","inLanguage":"es","@id":"https:\/\/www.baie-car.com\/es\/producto\/sikalastomer-710\/#primaryimage","url":"https:\/\/www.baie-car.com\/wp-content\/uploads\/2024\/07\/sikalastomer-1-1.jpg","contentUrl":"https:\/\/www.baie-car.com\/wp-content\/uploads\/2024\/07\/sikalastomer-1-1.jpg","width":800,"height":599},{"@type":"BreadcrumbList","@id":"https:\/\/www.baie-car.com\/es\/producto\/sikalastomer-710\/#breadcrumb","itemListElement":[{"@type":"ListItem","position":1,"name":"Accueil","item":"https:\/\/www.baie-car.com\/es\/"},{"@type":"ListItem","position":2,"name":"Productos","item":"https:\/\/www.baie-car.com\/es\/shop\/"},{"@type":"ListItem","position":3,"name":"sellador butilo Sikalastomer 710"}]},{"@type":"WebSite","@id":"https:\/\/www.baie-car.com\/#website","url":"https:\/\/www.baie-car.com\/","name":"Baie-car","description":"VENTA DE VENTANA PARA CARAVANA CAMPER","potentialAction":[{"@type":"SearchAction","target":{"@type":"EntryPoint","urlTemplate":"https:\/\/www.baie-car.com\/?s={search_term_string}"},"query-input":"required name=search_term_string"}],"inLanguage":"es"}]}},"_links":{"self":[{"href":"https:\/\/www.baie-car.com\/es\/wp-json\/wp\/v2\/product\/7257","targetHints":{"allow":["GET"]}}],"collection":[{"href":"https:\/\/www.baie-car.com\/es\/wp-json\/wp\/v2\/product"}],"about":[{"href":"https:\/\/www.baie-car.com\/es\/wp-json\/wp\/v2\/types\/product"}],"wp:featuredmedia":[{"embeddable":true,"href":"https:\/\/www.baie-car.com\/es\/wp-json\/wp\/v2\/media\/7269"}],"wp:attachment":[{"href":"https:\/\/www.baie-car.com\/es\/wp-json\/wp\/v2\/media?parent=7257"}],"wp:term":[{"taxonomy":"product_cat","embeddable":true,"href":"https:\/\/www.baie-car.com\/es\/wp-json\/wp\/v2\/product_cat?post=7257"},{"taxonomy":"product_tag","embeddable":true,"href":"https:\/\/www.baie-car.com\/es\/wp-json\/wp\/v2\/product_tag?post=7257"}],"curies":[{"name":"wp","href":"https:\/\/api.w.org\/{rel}","templated":true}]}}