{"id":7173,"date":"2024-06-17T07:00:40","date_gmt":"2024-06-17T05:00:40","guid":{"rendered":"https:\/\/www.baie-car.com\/?post_type=product&#038;p=7173"},"modified":"2026-02-11T11:46:58","modified_gmt":"2026-02-11T10:46:58","slug":"claraboya-panoramica-70x50-mpk","status":"publish","type":"product","link":"https:\/\/www.baie-car.com\/es\/producto\/claraboya-panoramica-70x50-mpk\/","title":{"rendered":"Claraboya panoramica 70&#215;50 MPK"},"content":{"rendered":"<div class=\"vc_row wpb_row vc_row-fluid vc_custom_1545443777154 vc_row-o-equal-height vc_row-o-content-middle vc_row-flex responsive_js_composer_custom_css_1369652806\"><div class=\"wpb_column vc_column_container vc_col-sm-7\"><div class=\"vc_column-inner\"><div class=\"wpb_wrapper\">\r\n\t<div class=\"wpb_single_image wpb_content_element vc_align_center  responsive_js_composer_custom_css_15603749\">\r\n\t\t\r\n\t\t<figure class=\"wpb_wrapper vc_figure\">\r\n\t\t\t<div class=\"vc_single_image-wrapper   vc_box_border_grey\"><img loading=\"lazy\" decoding=\"async\" width=\"919\" height=\"554\" src=\"https:\/\/www.baie-car.com\/wp-content\/uploads\/2024\/06\/claraboya-MPK-panoramica-70-x50.png\" class=\"vc_single_image-img attachment-full\" alt=\"\" srcset=\"https:\/\/www.baie-car.com\/wp-content\/uploads\/2024\/06\/claraboya-MPK-panoramica-70-x50.png 919w, https:\/\/www.baie-car.com\/wp-content\/uploads\/2024\/06\/claraboya-MPK-panoramica-70-x50-300x181.png 300w, https:\/\/www.baie-car.com\/wp-content\/uploads\/2024\/06\/claraboya-MPK-panoramica-70-x50-768x463.png 768w, https:\/\/www.baie-car.com\/wp-content\/uploads\/2024\/06\/claraboya-MPK-panoramica-70-x50-600x362.png 600w\" sizes=\"auto, (max-width: 919px) 100vw, 919px\" \/><\/div>\r\n\t\t<\/figure>\r\n\t<\/div>\r\n<\/div><\/div><\/div><div class=\"wpb_column vc_column_container vc_col-sm-5 responsive_js_composer_custom_css_1589440326\"><div class=\"vc_column-inner vc_custom_1545443703564\"><div class=\"wpb_wrapper\"><h2 style=\"font-size: 40px;color: #354351;text-align: left;font-family:Open Sans;font-weight:300;font-style:normal\" class=\"vc_custom_heading responsive_js_composer_custom_css_334193616\" >Claraboya MPK sin ventilaci\u00f3n forzada 40x40<\/h2>\n\t<div class=\"wpb_text_column wpb_content_element  responsive_js_composer_custom_css_1487628218\" >\n\t\t<div class=\"wpb_wrapper\">\n\t\t\t<p>Ofrecemos claraboyas de alta calidad para camiones de caballos, autobuses, autocaravanas, furgonetas transformadas y veh\u00edculos especiales seg\u00fan las normas CE 43R.<\/p>\n<p>La claraboya panor\u00e1mica VisionStar L le ofrece una vista \u00fanica, adem\u00e1s de mucha luz y aire en autocaravanas y caravanas. Las claraboyas MPK de nuestra serie VisionStar tienen un dise\u00f1o plano, son f\u00e1ciles de manejar, regulables de forma continua, especialmente silenciosas y muy robustas. La VisionStar L puede abrirse varias\u00a0 formas distintas, incluida la horizontal (posici\u00f3n en funci\u00f3n de las condiciones meteorol\u00f3gicas). Con el MPK se suministra una persiana plisada y una mosquitera.<\/p>\n<p>Caracter\u00edsticas t\u00e9cnicas de la claraboya MPK 700&#215;500<\/p>\n<p>&#8211; Recorte de techo: 700&#215;500<\/p>\n<p>-dimesiones exterior del domo 815&#215;583<\/p>\n<p>&#8211; Apertura multiposici\u00f3n<\/p>\n<p>&#8211; Para grosores de tejado de 25 a 60 mm<\/p>\n<p>&#8211; Marco interior con mosquitera y persiana integrada<\/p>\n<p>&#8211; Vidrio acr\u00edlico de doble acristalamiento seg\u00fan norma R43<\/p>\n<p>&#8211; Espesor exterior de la claraboya 10 cm<\/p>\n<p>-Montaje: Aplique un sellador but\u00edlico flexible (SikaLastomer-710, por ejemplo) al marco de montaje.<\/p>\n<p>&#8211;<a href=\"https:\/\/www.mpk-rooflights.com\/fileadmin\/user_upload\/mpk\/Downloaddateien_EN\/Bedienungsanleitungen\/Installation_and_Operating_instructions_VisionStar_L_pro.pdf\"> GU\u00cdA DE MONTAJE HAGA CLIC AQU\u00cd<\/a><\/p>\n\n\t\t<\/div>\n\t<\/div>\n<\/div><\/div><\/div><\/div><div class=\"vc_row wpb_row vc_row-fluid vc_row-o-equal-height vc_row-o-content-middle vc_row-flex responsive_js_composer_custom_css_2052657769\"><div class=\"wpb_column vc_column_container vc_col-sm-5 responsive_js_composer_custom_css_1515630053\"><div class=\"vc_column-inner vc_custom_1545961440893\"><div class=\"wpb_wrapper\"><h2 style=\"font-size: 40px;color: #ce7147;text-align: left;font-family:Open Sans;font-weight:300;font-style:normal\" class=\"vc_custom_heading responsive_js_composer_custom_css_1458747476\" ><a href=\"http:\/\/www.baie-car.com\/es\/claraboya\/\" title=\"Claraboya\">Claraboya de techo<\/a><\/h2>\n\t<div class=\"wpb_text_column wpb_content_element  responsive_js_composer_custom_css_1335531095\" >\n\t\t<div class=\"wpb_wrapper\">\n\t\t\t<p><strong>Baie car, experto especializado en el desarrollo, fabricaci\u00f3n de ventanas, claraboyas y recortes de vidrio en el sector de autobuses, camiones para caballos, furgonetas para caballos, furgonetas equipadas y auto caravanas.<\/strong><br \/>\nDispuestos a las demandas y expectativas de nuestros clientes ofreciendo productos de alta calidad y un servicio din\u00e1mico.<\/p>\n\n\t\t<\/div>\n\t<\/div>\n            <div class=\"lebe-button style-01   lebe_custom_css_372700559    vc_custom_1571074828813 responsive_js_composer_custom_css_1524845377\">\r\n                <div class=\"button-inner\">\r\n                                            <a class=\"button\" target=\"_self\"\r\n                           href=\"http:\/\/www.baie-car.com\/dev\/contact\/\">Cont\u00e1ctenos<\/a>\r\n                                    <\/div>\r\n            <\/div>\r\n            <\/div><\/div><\/div><div class=\"wpb_column vc_column_container vc_col-sm-7\"><div class=\"vc_column-inner\"><div class=\"wpb_wrapper\">\r\n\t<div class=\"wpb_single_image wpb_content_element vc_align_center  responsive_js_composer_custom_css_654198778\">\r\n\t\t\r\n\t\t<figure class=\"wpb_wrapper vc_figure\">\r\n\t\t\t<div class=\"vc_single_image-wrapper   vc_box_border_grey\"><img loading=\"lazy\" decoding=\"async\" width=\"776\" height=\"602\" src=\"https:\/\/www.baie-car.com\/wp-content\/uploads\/2024\/06\/claraboya-grande-MPK-70-x50.png\" class=\"vc_single_image-img attachment-full\" alt=\"\" srcset=\"https:\/\/www.baie-car.com\/wp-content\/uploads\/2024\/06\/claraboya-grande-MPK-70-x50.png 776w, https:\/\/www.baie-car.com\/wp-content\/uploads\/2024\/06\/claraboya-grande-MPK-70-x50-300x233.png 300w, https:\/\/www.baie-car.com\/wp-content\/uploads\/2024\/06\/claraboya-grande-MPK-70-x50-768x596.png 768w, https:\/\/www.baie-car.com\/wp-content\/uploads\/2024\/06\/claraboya-grande-MPK-70-x50-600x465.png 600w\" sizes=\"auto, (max-width: 776px) 100vw, 776px\" \/><\/div>\r\n\t\t<\/figure>\r\n\t<\/div>\r\n<\/div><\/div><\/div><\/div><div data-vc-full-width=\"true\" data-vc-full-width-init=\"false\" data-vc-stretch-content=\"true\" class=\"vc_row wpb_row vc_row-fluid vc_row-no-padding responsive_js_composer_custom_css_755711287\"><div class=\"wpb_column vc_column_container vc_col-sm-12\"><div class=\"vc_column-inner\"><div class=\"wpb_wrapper\"><\/div><\/div><\/div><\/div><div class=\"vc_row-full-width vc_clearfix\"><\/div>\n","protected":false},"excerpt":{"rendered":"[contact-form-7 id=\"3239\" title=\"Contact Form Site ES\"]\n","protected":false},"featured_media":7179,"template":"","meta":[],"product_cat":[122],"product_tag":[],"class_list":["post-7173","product","type-product","status-publish","has-post-thumbnail","hentry","product_cat-claraboyas-de-techo"],"yoast_head":"<!-- This site is optimized with the Yoast SEO plugin v22.3 - https:\/\/yoast.com\/wordpress\/plugins\/seo\/ -->\n<title>Claraboya panoramica 70x40 MPK para furgoneta Camper -<\/title>\n<meta name=\"description\" content=\"Venta de claraboya, ventana de techo MPK VisionStar L de 70x50 de alta calidad para furgoneta camper, autocaravana, camping-car.\" \/>\n<meta name=\"robots\" content=\"index, follow, max-snippet:-1, max-image-preview:large, max-video-preview:-1\" \/>\n<link rel=\"canonical\" href=\"https:\/\/www.baie-car.com\/es\/producto\/claraboya-panoramica-70x50-mpk\/\" \/>\n<meta property=\"og:locale\" content=\"es_ES\" \/>\n<meta property=\"og:type\" content=\"article\" \/>\n<meta property=\"og:title\" content=\"Claraboya panoramica 70x40 MPK para furgoneta Camper -\" \/>\n<meta property=\"og:description\" content=\"Venta de claraboya, ventana de techo MPK VisionStar L de 70x50 de alta calidad para furgoneta camper, autocaravana, camping-car.\" \/>\n<meta property=\"og:url\" content=\"https:\/\/www.baie-car.com\/es\/producto\/claraboya-panoramica-70x50-mpk\/\" \/>\n<meta property=\"og:site_name\" content=\"Baie-car\" \/>\n<meta property=\"article:modified_time\" content=\"2026-02-11T10:46:58+00:00\" \/>\n<meta property=\"og:image\" content=\"https:\/\/www.baie-car.com\/wp-content\/uploads\/2024\/06\/claraboya-MPK-700x500-1.png\" \/>\n\t<meta property=\"og:image:width\" content=\"738\" \/>\n\t<meta property=\"og:image:height\" content=\"572\" \/>\n\t<meta property=\"og:image:type\" content=\"image\/png\" \/>\n<meta name=\"twitter:card\" content=\"summary_large_image\" \/>\n<meta name=\"twitter:label1\" content=\"Tiempo de lectura\" \/>\n\t<meta name=\"twitter:data1\" content=\"2 minutos\" \/>\n<script type=\"application\/ld+json\" class=\"yoast-schema-graph\">{\"@context\":\"https:\/\/schema.org\",\"@graph\":[{\"@type\":\"WebPage\",\"@id\":\"https:\/\/www.baie-car.com\/es\/producto\/claraboya-panoramica-70x50-mpk\/\",\"url\":\"https:\/\/www.baie-car.com\/es\/producto\/claraboya-panoramica-70x50-mpk\/\",\"name\":\"Claraboya panoramica 70x40 MPK para furgoneta Camper -\",\"isPartOf\":{\"@id\":\"https:\/\/www.baie-car.com\/#website\"},\"primaryImageOfPage\":{\"@id\":\"https:\/\/www.baie-car.com\/es\/producto\/claraboya-panoramica-70x50-mpk\/#primaryimage\"},\"image\":{\"@id\":\"https:\/\/www.baie-car.com\/es\/producto\/claraboya-panoramica-70x50-mpk\/#primaryimage\"},\"thumbnailUrl\":\"https:\/\/www.baie-car.com\/wp-content\/uploads\/2024\/06\/claraboya-MPK-700x500-1.png\",\"datePublished\":\"2024-06-17T05:00:40+00:00\",\"dateModified\":\"2026-02-11T10:46:58+00:00\",\"description\":\"Venta de claraboya, ventana de techo MPK VisionStar L de 70x50 de alta calidad para furgoneta camper, autocaravana, camping-car.\",\"breadcrumb\":{\"@id\":\"https:\/\/www.baie-car.com\/es\/producto\/claraboya-panoramica-70x50-mpk\/#breadcrumb\"},\"inLanguage\":\"es\",\"potentialAction\":[{\"@type\":\"ReadAction\",\"target\":[\"https:\/\/www.baie-car.com\/es\/producto\/claraboya-panoramica-70x50-mpk\/\"]}]},{\"@type\":\"ImageObject\",\"inLanguage\":\"es\",\"@id\":\"https:\/\/www.baie-car.com\/es\/producto\/claraboya-panoramica-70x50-mpk\/#primaryimage\",\"url\":\"https:\/\/www.baie-car.com\/wp-content\/uploads\/2024\/06\/claraboya-MPK-700x500-1.png\",\"contentUrl\":\"https:\/\/www.baie-car.com\/wp-content\/uploads\/2024\/06\/claraboya-MPK-700x500-1.png\",\"width\":738,\"height\":572},{\"@type\":\"BreadcrumbList\",\"@id\":\"https:\/\/www.baie-car.com\/es\/producto\/claraboya-panoramica-70x50-mpk\/#breadcrumb\",\"itemListElement\":[{\"@type\":\"ListItem\",\"position\":1,\"name\":\"Accueil\",\"item\":\"https:\/\/www.baie-car.com\/es\/\"},{\"@type\":\"ListItem\",\"position\":2,\"name\":\"Productos\",\"item\":\"https:\/\/www.baie-car.com\/es\/shop\/\"},{\"@type\":\"ListItem\",\"position\":3,\"name\":\"Claraboya panoramica 70&#215;50 MPK\"}]},{\"@type\":\"WebSite\",\"@id\":\"https:\/\/www.baie-car.com\/#website\",\"url\":\"https:\/\/www.baie-car.com\/\",\"name\":\"Baie-car\",\"description\":\"VENTA DE VENTANA PARA CARAVANA CAMPER\",\"potentialAction\":[{\"@type\":\"SearchAction\",\"target\":{\"@type\":\"EntryPoint\",\"urlTemplate\":\"https:\/\/www.baie-car.com\/?s={search_term_string}\"},\"query-input\":\"required name=search_term_string\"}],\"inLanguage\":\"es\"}]}<\/script>\n<!-- \/ Yoast SEO plugin. -->","yoast_head_json":{"title":"Claraboya panoramica 70x40 MPK para furgoneta Camper -","description":"Venta de claraboya, ventana de techo MPK VisionStar L de 70x50 de alta calidad para furgoneta camper, autocaravana, camping-car.","robots":{"index":"index","follow":"follow","max-snippet":"max-snippet:-1","max-image-preview":"max-image-preview:large","max-video-preview":"max-video-preview:-1"},"canonical":"https:\/\/www.baie-car.com\/es\/producto\/claraboya-panoramica-70x50-mpk\/","og_locale":"es_ES","og_type":"article","og_title":"Claraboya panoramica 70x40 MPK para furgoneta Camper -","og_description":"Venta de claraboya, ventana de techo MPK VisionStar L de 70x50 de alta calidad para furgoneta camper, autocaravana, camping-car.","og_url":"https:\/\/www.baie-car.com\/es\/producto\/claraboya-panoramica-70x50-mpk\/","og_site_name":"Baie-car","article_modified_time":"2026-02-11T10:46:58+00:00","og_image":[{"width":738,"height":572,"url":"https:\/\/www.baie-car.com\/wp-content\/uploads\/2024\/06\/claraboya-MPK-700x500-1.png","type":"image\/png"}],"twitter_card":"summary_large_image","twitter_misc":{"Tiempo de lectura":"2 minutos"},"schema":{"@context":"https:\/\/schema.org","@graph":[{"@type":"WebPage","@id":"https:\/\/www.baie-car.com\/es\/producto\/claraboya-panoramica-70x50-mpk\/","url":"https:\/\/www.baie-car.com\/es\/producto\/claraboya-panoramica-70x50-mpk\/","name":"Claraboya panoramica 70x40 MPK para furgoneta Camper -","isPartOf":{"@id":"https:\/\/www.baie-car.com\/#website"},"primaryImageOfPage":{"@id":"https:\/\/www.baie-car.com\/es\/producto\/claraboya-panoramica-70x50-mpk\/#primaryimage"},"image":{"@id":"https:\/\/www.baie-car.com\/es\/producto\/claraboya-panoramica-70x50-mpk\/#primaryimage"},"thumbnailUrl":"https:\/\/www.baie-car.com\/wp-content\/uploads\/2024\/06\/claraboya-MPK-700x500-1.png","datePublished":"2024-06-17T05:00:40+00:00","dateModified":"2026-02-11T10:46:58+00:00","description":"Venta de claraboya, ventana de techo MPK VisionStar L de 70x50 de alta calidad para furgoneta camper, autocaravana, camping-car.","breadcrumb":{"@id":"https:\/\/www.baie-car.com\/es\/producto\/claraboya-panoramica-70x50-mpk\/#breadcrumb"},"inLanguage":"es","potentialAction":[{"@type":"ReadAction","target":["https:\/\/www.baie-car.com\/es\/producto\/claraboya-panoramica-70x50-mpk\/"]}]},{"@type":"ImageObject","inLanguage":"es","@id":"https:\/\/www.baie-car.com\/es\/producto\/claraboya-panoramica-70x50-mpk\/#primaryimage","url":"https:\/\/www.baie-car.com\/wp-content\/uploads\/2024\/06\/claraboya-MPK-700x500-1.png","contentUrl":"https:\/\/www.baie-car.com\/wp-content\/uploads\/2024\/06\/claraboya-MPK-700x500-1.png","width":738,"height":572},{"@type":"BreadcrumbList","@id":"https:\/\/www.baie-car.com\/es\/producto\/claraboya-panoramica-70x50-mpk\/#breadcrumb","itemListElement":[{"@type":"ListItem","position":1,"name":"Accueil","item":"https:\/\/www.baie-car.com\/es\/"},{"@type":"ListItem","position":2,"name":"Productos","item":"https:\/\/www.baie-car.com\/es\/shop\/"},{"@type":"ListItem","position":3,"name":"Claraboya panoramica 70&#215;50 MPK"}]},{"@type":"WebSite","@id":"https:\/\/www.baie-car.com\/#website","url":"https:\/\/www.baie-car.com\/","name":"Baie-car","description":"VENTA DE VENTANA PARA CARAVANA CAMPER","potentialAction":[{"@type":"SearchAction","target":{"@type":"EntryPoint","urlTemplate":"https:\/\/www.baie-car.com\/?s={search_term_string}"},"query-input":"required name=search_term_string"}],"inLanguage":"es"}]}},"_links":{"self":[{"href":"https:\/\/www.baie-car.com\/es\/wp-json\/wp\/v2\/product\/7173","targetHints":{"allow":["GET"]}}],"collection":[{"href":"https:\/\/www.baie-car.com\/es\/wp-json\/wp\/v2\/product"}],"about":[{"href":"https:\/\/www.baie-car.com\/es\/wp-json\/wp\/v2\/types\/product"}],"wp:featuredmedia":[{"embeddable":true,"href":"https:\/\/www.baie-car.com\/es\/wp-json\/wp\/v2\/media\/7179"}],"wp:attachment":[{"href":"https:\/\/www.baie-car.com\/es\/wp-json\/wp\/v2\/media?parent=7173"}],"wp:term":[{"taxonomy":"product_cat","embeddable":true,"href":"https:\/\/www.baie-car.com\/es\/wp-json\/wp\/v2\/product_cat?post=7173"},{"taxonomy":"product_tag","embeddable":true,"href":"https:\/\/www.baie-car.com\/es\/wp-json\/wp\/v2\/product_tag?post=7173"}],"curies":[{"name":"wp","href":"https:\/\/api.w.org\/{rel}","templated":true}]}}