{"id":6380,"date":"2023-09-15T07:40:35","date_gmt":"2023-09-15T05:40:35","guid":{"rendered":"https:\/\/www.baie-car.com\/?post_type=product&#038;p=6380"},"modified":"2026-04-20T10:45:12","modified_gmt":"2026-04-20T08:45:12","slug":"ventilator-siroco-12v-de-techo","status":"publish","type":"product","link":"https:\/\/www.baie-car.com\/es\/producto\/ventilator-siroco-12v-de-techo\/","title":{"rendered":"Ventilador Siroco12v de techo"},"content":{"rendered":"<div class=\"vc_row wpb_row vc_row-fluid vc_custom_1545443777154 vc_row-o-equal-height vc_row-o-content-middle vc_row-flex responsive_js_composer_custom_css_349933458\"><div class=\"wpb_column vc_column_container vc_col-sm-7\"><div class=\"vc_column-inner\"><div class=\"wpb_wrapper\">\r\n\t<div class=\"wpb_single_image wpb_content_element vc_align_center  responsive_js_composer_custom_css_2046122945\">\r\n\t\t\r\n\t\t<figure class=\"wpb_wrapper vc_figure\">\r\n\t\t\t<div class=\"vc_single_image-wrapper   vc_box_border_grey\"><img loading=\"lazy\" decoding=\"async\" width=\"1932\" height=\"1414\" src=\"https:\/\/www.baie-car.com\/wp-content\/uploads\/2023\/09\/ventilador-aire-12v.jpg\" class=\"vc_single_image-img attachment-full\" alt=\"\" srcset=\"https:\/\/www.baie-car.com\/wp-content\/uploads\/2023\/09\/ventilador-aire-12v.jpg 1932w, https:\/\/www.baie-car.com\/wp-content\/uploads\/2023\/09\/ventilador-aire-12v-300x220.jpg 300w, https:\/\/www.baie-car.com\/wp-content\/uploads\/2023\/09\/ventilador-aire-12v-1024x749.jpg 1024w, https:\/\/www.baie-car.com\/wp-content\/uploads\/2023\/09\/ventilador-aire-12v-768x562.jpg 768w, https:\/\/www.baie-car.com\/wp-content\/uploads\/2023\/09\/ventilador-aire-12v-1536x1124.jpg 1536w, https:\/\/www.baie-car.com\/wp-content\/uploads\/2023\/09\/ventilador-aire-12v-600x439.jpg 600w\" sizes=\"auto, (max-width: 1932px) 100vw, 1932px\" \/><\/div>\r\n\t\t<\/figure>\r\n\t<\/div>\r\n<\/div><\/div><\/div><div class=\"wpb_column vc_column_container vc_col-sm-5 responsive_js_composer_custom_css_1100414963\"><div class=\"vc_column-inner vc_custom_1545443703564\"><div class=\"wpb_wrapper\"><h2 style=\"font-size: 40px;color: #354351;text-align: left;font-family:Open Sans;font-weight:300;font-style:normal\" class=\"vc_custom_heading responsive_js_composer_custom_css_973710528\" >Ventilador extractor de aire Siroco 12v<\/h2>\n\t<div class=\"wpb_text_column wpb_content_element  responsive_js_composer_custom_css_1156259340\" >\n\t\t<div class=\"wpb_wrapper\">\n\t\t\t<p>Ofrecemos ventilador extracteur de techo de alta calidad para furgonetas de furgoneta camper, autocaravana, autobuses, camiones para transporte de caballos y veh\u00edculos especiales de acuerdo con las certificaciones CE R10.<\/p>\n<ul>\n<li>\n<div class=\"mce mce--regular mt-3\">\n<p>Ventilaci\u00f3n de techo de larga duraci\u00f3n con casco aerodin\u00e1mico de ABS y protecci\u00f3n UV.<\/p>\n<ul>\n<li>Con persiana equipada con 4 difusores de aire<\/li>\n<\/ul>\n<\/div>\n<div class=\"my-10\">\n<div class=\"mce mce--regular\">\n<ul class=\"text-base\">\n<li class=\"mb-1 last:mb-0\">Tensi\u00f3n: 12 v<\/li>\n<li class=\"mb-1 last:mb-0\">Motor cerrado IP 68 de larga duraci\u00f3n (16.000 horas)<\/li>\n<li class=\"mb-1 last:mb-0\">Extracci\u00f3n o ventilaci\u00f3n<\/li>\n<li class=\"mb-1 last:mb-0\">Casco aerodin\u00e1mico en ABS anti-UV<\/li>\n<li class=\"mb-1 last:mb-0\">Se suministra con junta y conector<\/li>\n<li>peso 1,7kg<\/li>\n<li>caudal de ventilaci\u00f3n 700m3\/h<\/li>\n<\/ul>\n<\/div>\n<\/div>\n<div class=\"flex flex-col items-start\">\n<div class=\"btn relative cursor-pointer font-heading flex items-center font-extrabold uppercase shadow-md text-white bg-blue pr-4 md:pr-7 py-3 text-2xs pl-4 md:pl-7 js-product-btnform mt-4\"><\/div>\n<\/div>\n<\/li>\n<\/ul>\n\n\t\t<\/div>\n\t<\/div>\n<\/div><\/div><\/div><\/div><div class=\"vc_row wpb_row vc_row-fluid vc_custom_1571313908884 vc_row-o-equal-height vc_row-o-content-middle vc_row-flex responsive_js_composer_custom_css_1533443525\"><div class=\"wpb_column vc_column_container vc_col-sm-5 responsive_js_composer_custom_css_476691582\"><div class=\"vc_column-inner vc_custom_1570719390830\"><div class=\"wpb_wrapper\"><h2 style=\"font-size: 40px;color: #ce7147;text-align: left;font-family:Open Sans;font-weight:300;font-style:normal\" class=\"vc_custom_heading responsive_js_composer_custom_css_1987705689\" ><a href=\"http:\/\/www.baie-car.com\/es\/claraboya\/\" title=\"Claraboya\">Ventilador de techo<\/a><\/h2>\n\t<div class=\"wpb_text_column wpb_content_element  responsive_js_composer_custom_css_902836499\" >\n\t\t<div class=\"wpb_wrapper\">\n\t\t\t<p><strong>Baie car, experto especializado en el desarrollo, fabricaci\u00f3n de ventanas y recortes de vidrio en el sector de autobuses, camiones para caballos, furgonetas para caballos, furgonetas equipadas y auto caravanas.<\/strong><br \/>\nDispuestos a las demandas y expectativas de nuestros clientes ofreciendo productos de alta calidad y un servicio din\u00e1mico.<\/p>\n\n\t\t<\/div>\n\t<\/div>\n            <div class=\"lebe-button style-01   lebe_custom_css_1512406381    vc_custom_1571074995701 responsive_js_composer_custom_css_763622949\">\r\n                <div class=\"button-inner\">\r\n                                            <a class=\"button\" target=\"_self\"\r\n                           href=\"http:\/\/www.baie-car.com\/dev\/contact\/\">Cont\u00e1ctenos<\/a>\r\n                                    <\/div>\r\n            <\/div>\r\n            <\/div><\/div><\/div><div class=\"wpb_column vc_column_container vc_col-sm-7 responsive_js_composer_custom_css_1604207506\"><div class=\"vc_column-inner\"><div class=\"wpb_wrapper\">\r\n\t<div class=\"wpb_single_image wpb_content_element vc_align_center  responsive_js_composer_custom_css_1144350092\">\r\n\t\t\r\n\t\t<figure class=\"wpb_wrapper vc_figure\">\r\n\t\t\t<div class=\"vc_single_image-wrapper   vc_box_border_grey\"><img loading=\"lazy\" decoding=\"async\" width=\"1800\" height=\"2400\" src=\"https:\/\/www.baie-car.com\/wp-content\/uploads\/2023\/09\/ventilador-furgoneta-12v-jpg.webp\" class=\"vc_single_image-img attachment-full\" alt=\"\" \/><\/div>\r\n\t\t<\/figure>\r\n\t<\/div>\r\n<\/div><\/div><\/div><\/div><div data-vc-full-width=\"true\" data-vc-full-width-init=\"false\" data-vc-stretch-content=\"true\" class=\"vc_row wpb_row vc_row-fluid vc_row-no-padding responsive_js_composer_custom_css_728216984\"><div class=\"wpb_column vc_column_container vc_col-sm-12\"><div class=\"vc_column-inner\"><div class=\"wpb_wrapper\"><\/div><\/div><\/div><\/div><div class=\"vc_row-full-width vc_clearfix\"><\/div>\n","protected":false},"excerpt":{"rendered":"[contact-form-7 id=\"3239\" title=\"Contact Form Site ES\"]\n","protected":false},"featured_media":6390,"template":"","meta":[],"product_cat":[122],"product_tag":[],"class_list":["post-6380","product","type-product","status-publish","has-post-thumbnail","hentry","product_cat-claraboyas-de-techo"],"yoast_head":"<!-- This site is optimized with the Yoast SEO plugin v22.3 - https:\/\/yoast.com\/wordpress\/plugins\/seo\/ -->\n<title>Ventilador Siroco 12v de techo para camiones y autocaravana<\/title>\n<meta name=\"description\" content=\"Encontraras ventilador de techo de alta calidad para camiones de caballos, autobuses, furgonetas Camper, caravana y veh\u00edculos especiales\" \/>\n<meta name=\"robots\" content=\"index, follow, max-snippet:-1, max-image-preview:large, max-video-preview:-1\" \/>\n<link rel=\"canonical\" href=\"https:\/\/www.baie-car.com\/es\/producto\/ventilator-siroco-12v-de-techo\/\" \/>\n<meta property=\"og:locale\" content=\"es_ES\" \/>\n<meta property=\"og:type\" content=\"article\" \/>\n<meta property=\"og:title\" content=\"Ventilador Siroco 12v de techo para camiones y autocaravana\" \/>\n<meta property=\"og:description\" content=\"Encontraras ventilador de techo de alta calidad para camiones de caballos, autobuses, furgonetas Camper, caravana y veh\u00edculos especiales\" \/>\n<meta property=\"og:url\" content=\"https:\/\/www.baie-car.com\/es\/producto\/ventilator-siroco-12v-de-techo\/\" \/>\n<meta property=\"og:site_name\" content=\"Baie-car\" \/>\n<meta property=\"article:modified_time\" content=\"2026-04-20T08:45:12+00:00\" \/>\n<meta property=\"og:image\" content=\"https:\/\/www.baie-car.com\/wp-content\/uploads\/2023\/09\/ventilador-techo-furgoneta-12v-1-e1694758472326.png\" \/>\n\t<meta property=\"og:image:width\" content=\"900\" \/>\n\t<meta property=\"og:image:height\" content=\"1200\" \/>\n\t<meta property=\"og:image:type\" content=\"image\/png\" \/>\n<meta name=\"twitter:card\" content=\"summary_large_image\" \/>\n<meta name=\"twitter:label1\" content=\"Tiempo de lectura\" \/>\n\t<meta name=\"twitter:data1\" content=\"1 minuto\" \/>\n<script type=\"application\/ld+json\" class=\"yoast-schema-graph\">{\"@context\":\"https:\/\/schema.org\",\"@graph\":[{\"@type\":\"WebPage\",\"@id\":\"https:\/\/www.baie-car.com\/es\/producto\/ventilator-siroco-12v-de-techo\/\",\"url\":\"https:\/\/www.baie-car.com\/es\/producto\/ventilator-siroco-12v-de-techo\/\",\"name\":\"Ventilador Siroco 12v de techo para camiones y autocaravana\",\"isPartOf\":{\"@id\":\"https:\/\/www.baie-car.com\/#website\"},\"primaryImageOfPage\":{\"@id\":\"https:\/\/www.baie-car.com\/es\/producto\/ventilator-siroco-12v-de-techo\/#primaryimage\"},\"image\":{\"@id\":\"https:\/\/www.baie-car.com\/es\/producto\/ventilator-siroco-12v-de-techo\/#primaryimage\"},\"thumbnailUrl\":\"https:\/\/www.baie-car.com\/wp-content\/uploads\/2023\/09\/ventilador-techo-furgoneta-12v-1-e1694758472326-jpg.webp\",\"datePublished\":\"2023-09-15T05:40:35+00:00\",\"dateModified\":\"2026-04-20T08:45:12+00:00\",\"description\":\"Encontraras ventilador de techo de alta calidad para camiones de caballos, autobuses, furgonetas Camper, caravana y veh\u00edculos especiales\",\"breadcrumb\":{\"@id\":\"https:\/\/www.baie-car.com\/es\/producto\/ventilator-siroco-12v-de-techo\/#breadcrumb\"},\"inLanguage\":\"es\",\"potentialAction\":[{\"@type\":\"ReadAction\",\"target\":[\"https:\/\/www.baie-car.com\/es\/producto\/ventilator-siroco-12v-de-techo\/\"]}]},{\"@type\":\"ImageObject\",\"inLanguage\":\"es\",\"@id\":\"https:\/\/www.baie-car.com\/es\/producto\/ventilator-siroco-12v-de-techo\/#primaryimage\",\"url\":\"https:\/\/www.baie-car.com\/wp-content\/uploads\/2023\/09\/ventilador-techo-furgoneta-12v-1-e1694758472326-jpg.webp\",\"contentUrl\":\"https:\/\/www.baie-car.com\/wp-content\/uploads\/2023\/09\/ventilador-techo-furgoneta-12v-1-e1694758472326-jpg.webp\",\"width\":900,\"height\":1200},{\"@type\":\"BreadcrumbList\",\"@id\":\"https:\/\/www.baie-car.com\/es\/producto\/ventilator-siroco-12v-de-techo\/#breadcrumb\",\"itemListElement\":[{\"@type\":\"ListItem\",\"position\":1,\"name\":\"Accueil\",\"item\":\"https:\/\/www.baie-car.com\/es\/\"},{\"@type\":\"ListItem\",\"position\":2,\"name\":\"Productos\",\"item\":\"https:\/\/www.baie-car.com\/es\/shop\/\"},{\"@type\":\"ListItem\",\"position\":3,\"name\":\"Ventilador Siroco12v de techo\"}]},{\"@type\":\"WebSite\",\"@id\":\"https:\/\/www.baie-car.com\/#website\",\"url\":\"https:\/\/www.baie-car.com\/\",\"name\":\"Baie-car\",\"description\":\"VENTA DE VENTANA PARA CARAVANA CAMPER\",\"potentialAction\":[{\"@type\":\"SearchAction\",\"target\":{\"@type\":\"EntryPoint\",\"urlTemplate\":\"https:\/\/www.baie-car.com\/?s={search_term_string}\"},\"query-input\":\"required name=search_term_string\"}],\"inLanguage\":\"es\"}]}<\/script>\n<!-- \/ Yoast SEO plugin. -->","yoast_head_json":{"title":"Ventilador Siroco 12v de techo para camiones y autocaravana","description":"Encontraras ventilador de techo de alta calidad para camiones de caballos, autobuses, furgonetas Camper, caravana y veh\u00edculos especiales","robots":{"index":"index","follow":"follow","max-snippet":"max-snippet:-1","max-image-preview":"max-image-preview:large","max-video-preview":"max-video-preview:-1"},"canonical":"https:\/\/www.baie-car.com\/es\/producto\/ventilator-siroco-12v-de-techo\/","og_locale":"es_ES","og_type":"article","og_title":"Ventilador Siroco 12v de techo para camiones y autocaravana","og_description":"Encontraras ventilador de techo de alta calidad para camiones de caballos, autobuses, furgonetas Camper, caravana y veh\u00edculos especiales","og_url":"https:\/\/www.baie-car.com\/es\/producto\/ventilator-siroco-12v-de-techo\/","og_site_name":"Baie-car","article_modified_time":"2026-04-20T08:45:12+00:00","og_image":[{"width":900,"height":1200,"url":"https:\/\/www.baie-car.com\/wp-content\/uploads\/2023\/09\/ventilador-techo-furgoneta-12v-1-e1694758472326.png","type":"image\/png"}],"twitter_card":"summary_large_image","twitter_misc":{"Tiempo de lectura":"1 minuto"},"schema":{"@context":"https:\/\/schema.org","@graph":[{"@type":"WebPage","@id":"https:\/\/www.baie-car.com\/es\/producto\/ventilator-siroco-12v-de-techo\/","url":"https:\/\/www.baie-car.com\/es\/producto\/ventilator-siroco-12v-de-techo\/","name":"Ventilador Siroco 12v de techo para camiones y autocaravana","isPartOf":{"@id":"https:\/\/www.baie-car.com\/#website"},"primaryImageOfPage":{"@id":"https:\/\/www.baie-car.com\/es\/producto\/ventilator-siroco-12v-de-techo\/#primaryimage"},"image":{"@id":"https:\/\/www.baie-car.com\/es\/producto\/ventilator-siroco-12v-de-techo\/#primaryimage"},"thumbnailUrl":"https:\/\/www.baie-car.com\/wp-content\/uploads\/2023\/09\/ventilador-techo-furgoneta-12v-1-e1694758472326-jpg.webp","datePublished":"2023-09-15T05:40:35+00:00","dateModified":"2026-04-20T08:45:12+00:00","description":"Encontraras ventilador de techo de alta calidad para camiones de caballos, autobuses, furgonetas Camper, caravana y veh\u00edculos especiales","breadcrumb":{"@id":"https:\/\/www.baie-car.com\/es\/producto\/ventilator-siroco-12v-de-techo\/#breadcrumb"},"inLanguage":"es","potentialAction":[{"@type":"ReadAction","target":["https:\/\/www.baie-car.com\/es\/producto\/ventilator-siroco-12v-de-techo\/"]}]},{"@type":"ImageObject","inLanguage":"es","@id":"https:\/\/www.baie-car.com\/es\/producto\/ventilator-siroco-12v-de-techo\/#primaryimage","url":"https:\/\/www.baie-car.com\/wp-content\/uploads\/2023\/09\/ventilador-techo-furgoneta-12v-1-e1694758472326-jpg.webp","contentUrl":"https:\/\/www.baie-car.com\/wp-content\/uploads\/2023\/09\/ventilador-techo-furgoneta-12v-1-e1694758472326-jpg.webp","width":900,"height":1200},{"@type":"BreadcrumbList","@id":"https:\/\/www.baie-car.com\/es\/producto\/ventilator-siroco-12v-de-techo\/#breadcrumb","itemListElement":[{"@type":"ListItem","position":1,"name":"Accueil","item":"https:\/\/www.baie-car.com\/es\/"},{"@type":"ListItem","position":2,"name":"Productos","item":"https:\/\/www.baie-car.com\/es\/shop\/"},{"@type":"ListItem","position":3,"name":"Ventilador Siroco12v de techo"}]},{"@type":"WebSite","@id":"https:\/\/www.baie-car.com\/#website","url":"https:\/\/www.baie-car.com\/","name":"Baie-car","description":"VENTA DE VENTANA PARA CARAVANA CAMPER","potentialAction":[{"@type":"SearchAction","target":{"@type":"EntryPoint","urlTemplate":"https:\/\/www.baie-car.com\/?s={search_term_string}"},"query-input":"required name=search_term_string"}],"inLanguage":"es"}]}},"_links":{"self":[{"href":"https:\/\/www.baie-car.com\/es\/wp-json\/wp\/v2\/product\/6380","targetHints":{"allow":["GET"]}}],"collection":[{"href":"https:\/\/www.baie-car.com\/es\/wp-json\/wp\/v2\/product"}],"about":[{"href":"https:\/\/www.baie-car.com\/es\/wp-json\/wp\/v2\/types\/product"}],"wp:featuredmedia":[{"embeddable":true,"href":"https:\/\/www.baie-car.com\/es\/wp-json\/wp\/v2\/media\/6390"}],"wp:attachment":[{"href":"https:\/\/www.baie-car.com\/es\/wp-json\/wp\/v2\/media?parent=6380"}],"wp:term":[{"taxonomy":"product_cat","embeddable":true,"href":"https:\/\/www.baie-car.com\/es\/wp-json\/wp\/v2\/product_cat?post=6380"},{"taxonomy":"product_tag","embeddable":true,"href":"https:\/\/www.baie-car.com\/es\/wp-json\/wp\/v2\/product_tag?post=6380"}],"curies":[{"name":"wp","href":"https:\/\/api.w.org\/{rel}","templated":true}]}}