{"id":5278,"date":"2022-06-15T17:03:55","date_gmt":"2022-06-15T15:03:55","guid":{"rendered":"https:\/\/www.baie-car.com\/?post_type=product&#038;p=5278"},"modified":"2026-03-09T09:10:21","modified_gmt":"2026-03-09T08:10:21","slug":"oscurecedor-y-mosquitera-para-ventana-camper-copie-copie-copie","status":"publish","type":"product","link":"https:\/\/www.baie-car.com\/es\/producto\/oscurecedor-y-mosquitera-para-ventana-camper-copie-copie-copie\/","title":{"rendered":"Oscurecedor y mosquitera para ventana camper 400&#215;200"},"content":{"rendered":"<div class=\"vc_row wpb_row vc_row-fluid vc_custom_1545443777154 vc_row-o-equal-height vc_row-o-content-middle vc_row-flex responsive_js_composer_custom_css_924469684\"><div class=\"wpb_column vc_column_container vc_col-sm-7\"><div class=\"vc_column-inner\"><div class=\"wpb_wrapper\">\r\n\t<div class=\"wpb_single_image wpb_content_element vc_align_center  responsive_js_composer_custom_css_1554685441\">\r\n\t\t<h2 class=\"wpb_heading wpb_singleimage_heading\">Oscurecedor y mosquitera para ventana camper<\/h2>\r\n\t\t<figure class=\"wpb_wrapper vc_figure\">\r\n\t\t\t<div class=\"vc_single_image-wrapper   vc_box_border_grey\"><img loading=\"lazy\" decoding=\"async\" width=\"768\" height=\"1024\" src=\"https:\/\/www.baie-car.com\/wp-content\/uploads\/2021\/11\/MOSQUITERA-OSCURECEDOR-VENTANA-AUTOCARAVANA.jpeg\" class=\"vc_single_image-img attachment-full\" alt=\"\" srcset=\"https:\/\/www.baie-car.com\/wp-content\/uploads\/2021\/11\/MOSQUITERA-OSCURECEDOR-VENTANA-AUTOCARAVANA.jpeg 768w, https:\/\/www.baie-car.com\/wp-content\/uploads\/2021\/11\/MOSQUITERA-OSCURECEDOR-VENTANA-AUTOCARAVANA-225x300.jpeg 225w, https:\/\/www.baie-car.com\/wp-content\/uploads\/2021\/11\/MOSQUITERA-OSCURECEDOR-VENTANA-AUTOCARAVANA-600x800.jpeg 600w\" sizes=\"auto, (max-width: 768px) 100vw, 768px\" \/><\/div>\r\n\t\t<\/figure>\r\n\t<\/div>\r\n<\/div><\/div><\/div><div class=\"wpb_column vc_column_container vc_col-sm-5 responsive_js_composer_custom_css_584130176\"><div class=\"vc_column-inner vc_custom_1545443703564\"><div class=\"wpb_wrapper\"><h2 style=\"font-size: 40px;color: #354351;text-align: left;font-family:Open Sans;font-weight:300;font-style:normal\" class=\"vc_custom_heading responsive_js_composer_custom_css_239751076\" >Oscurecedor y mosquitera para ventana 400x200<\/h2>\n\t<div class=\"wpb_text_column wpb_content_element  responsive_js_composer_custom_css_1723013579\" >\n\t\t<div class=\"wpb_wrapper\">\n\t\t\t<p>BAIE CAR le ofrece un oscurecedor y mosquitera para ventanas de autocaravanas, caravanas y furgonetas camper.<\/p>\n<p>Adecuado para las ventanas abatible, ventanas correderas 400&#215;200 con un grosor de pared m\u00ednimo de 35 mm, ya que la manilla de la ventana corredera sobresale del interior y toca la persiana.<\/p>\n<p>Accesorio de confort indispensable para la furgoneta y la autocaravana, la cortina plisada unida a una mosquitera es la soluci\u00f3n ideal para protegerse eficazmente del fr\u00edo, la luz y los insectos en las furgonetas camper, caravana o cualquier tipo de veh\u00edculo.<\/p>\n<p>las guias en la altura (650 mm) se recortan<\/p>\n<p>Dimensiones interiores: 526&#215;650 mm<\/p>\n<p>&nbsp;<\/p>\n<h4><strong>V\u00eddeo de presentaci\u00f3n oscurecedor\/mosquitera\u00a0 BAIE CAR:<\/strong><\/h4>\n<p><a href=\"https:\/\/youtu.be\/3IUsfFMvW5k\">https:\/\/youtu.be\/3IUsfFMvW5k<\/a><\/p>\n\n\t\t<\/div>\n\t<\/div>\n<\/div><\/div><\/div><\/div><div class=\"vc_row wpb_row vc_row-fluid vc_row-o-equal-height vc_row-o-content-middle vc_row-flex responsive_js_composer_custom_css_166820745\"><div class=\"wpb_column vc_column_container vc_col-sm-5 responsive_js_composer_custom_css_1981889610\"><div class=\"vc_column-inner vc_custom_1545961440893\"><div class=\"wpb_wrapper\"><h2 style=\"font-size: 40px;color: #ce7147;text-align: left;font-family:Open Sans;font-weight:300;font-style:normal\" class=\"vc_custom_heading responsive_js_composer_custom_css_828049971\" ><a href=\"http:\/\/www.baie-car.com\/es\/ventana-corredera-estandar\/\" title=\"Ventana corredera est\u00e1ndar\">Oscurecedor y mosquitera<\/a><\/h2>\n\t<div class=\"wpb_text_column wpb_content_element  responsive_js_composer_custom_css_1572094153\" >\n\t\t<div class=\"wpb_wrapper\">\n\t\t\t<p><strong>Baie car, experto especializado en el desarrollo, fabricaci\u00f3n de ventanas y recortes de vidrio en el sector de autobuses, camiones para caballos, furgonetas para caballos, furgonetas equipadas Camper y auto caravanas.<\/strong><br \/>\nDispuestos a las demandas y expectativas de nuestros clientes ofreciendo productos de alta calidad y un servicio din\u00e1mico.<\/p>\n\n\t\t<\/div>\n\t<\/div>\n            <div class=\"lebe-button style-01   lebe_custom_css_1046889046    vc_custom_1571066942102 responsive_js_composer_custom_css_1288211115\">\r\n                <div class=\"button-inner\">\r\n                                            <a class=\"button\" target=\"_self\"\r\n                           href=\"http:\/\/www.baie-car.com\/dev\/contact\/\">Cont\u00e1ctenos<\/a>\r\n                                    <\/div>\r\n            <\/div>\r\n            <\/div><\/div><\/div><div class=\"wpb_column vc_column_container vc_col-sm-7\"><div class=\"vc_column-inner\"><div class=\"wpb_wrapper\">\r\n\t<div class=\"wpb_single_image wpb_content_element vc_align_center  responsive_js_composer_custom_css_1969517251\">\r\n\t\t\r\n\t\t<figure class=\"wpb_wrapper vc_figure\">\r\n\t\t\t<div class=\"vc_single_image-wrapper   vc_box_border_grey\"><img loading=\"lazy\" decoding=\"async\" width=\"768\" height=\"1024\" src=\"https:\/\/www.baie-car.com\/wp-content\/uploads\/2021\/11\/MOSQUITERA-OSCURECEDOR-VENTANA-FURGONETA.jpeg\" class=\"vc_single_image-img attachment-full\" alt=\"\" srcset=\"https:\/\/www.baie-car.com\/wp-content\/uploads\/2021\/11\/MOSQUITERA-OSCURECEDOR-VENTANA-FURGONETA.jpeg 768w, https:\/\/www.baie-car.com\/wp-content\/uploads\/2021\/11\/MOSQUITERA-OSCURECEDOR-VENTANA-FURGONETA-225x300.jpeg 225w, https:\/\/www.baie-car.com\/wp-content\/uploads\/2021\/11\/MOSQUITERA-OSCURECEDOR-VENTANA-FURGONETA-600x800.jpeg 600w\" sizes=\"auto, (max-width: 768px) 100vw, 768px\" \/><\/div>\r\n\t\t<\/figure>\r\n\t<\/div>\r\n<\/div><\/div><\/div><\/div><div data-vc-full-width=\"true\" data-vc-full-width-init=\"false\" data-vc-stretch-content=\"true\" class=\"vc_row wpb_row vc_row-fluid vc_row-no-padding responsive_js_composer_custom_css_731905589\"><div class=\"wpb_column vc_column_container vc_col-sm-12\"><div class=\"vc_column-inner\"><div class=\"wpb_wrapper\"><\/div><\/div><\/div><\/div><div class=\"vc_row-full-width vc_clearfix\"><\/div>\n","protected":false},"excerpt":{"rendered":"Oscurecedor y mosquitera para ventana camper Oscurecedor y mosquitera para ventana 400x200 BAIE CAR le ofrece un oscurecedor y mosquitera para ventanas de autocaravanas, caravanas y furgonetas camper. Adecuado para las ventanas abatible, ventanas correderas 400x200 con un grosor de pared m\u00ednimo de 35 mm, ya que la manilla de la ventana corredera sobresale del [...]","protected":false},"featured_media":5298,"template":"","meta":[],"product_cat":[121],"product_tag":[],"class_list":["post-5278","product","type-product","status-publish","has-post-thumbnail","hentry","product_cat-baie-coulissante-abatible-es"],"yoast_head":"<!-- This site is optimized with the Yoast SEO plugin v22.3 - https:\/\/yoast.com\/wordpress\/plugins\/seo\/ -->\n<title>venta Oscurecedor y mosquitera para furgoneta camper<\/title>\n<meta name=\"description\" content=\"El oscurecedor y la mosquitera es la soluci\u00f3n ideal para protegerse eficazmente del fr\u00edo, la luz y los insectos en las furgonetas camper.\" \/>\n<meta name=\"robots\" content=\"index, follow, max-snippet:-1, max-image-preview:large, max-video-preview:-1\" \/>\n<link rel=\"canonical\" href=\"https:\/\/www.baie-car.com\/es\/producto\/oscurecedor-y-mosquitera-para-ventana-camper-copie-copie-copie\/\" \/>\n<meta property=\"og:locale\" content=\"es_ES\" \/>\n<meta property=\"og:type\" content=\"article\" \/>\n<meta property=\"og:title\" content=\"venta Oscurecedor y mosquitera para furgoneta camper\" \/>\n<meta property=\"og:description\" content=\"El oscurecedor y la mosquitera es la soluci\u00f3n ideal para protegerse eficazmente del fr\u00edo, la luz y los insectos en las furgonetas camper.\" \/>\n<meta property=\"og:url\" content=\"https:\/\/www.baie-car.com\/es\/producto\/oscurecedor-y-mosquitera-para-ventana-camper-copie-copie-copie\/\" \/>\n<meta property=\"og:site_name\" content=\"Baie-car\" \/>\n<meta property=\"article:modified_time\" content=\"2026-03-09T08:10:21+00:00\" \/>\n<meta property=\"og:image\" content=\"https:\/\/www.baie-car.com\/wp-content\/uploads\/2022\/06\/oscurecedor-mosquitera-camper.jpg\" \/>\n\t<meta property=\"og:image:width\" content=\"2400\" \/>\n\t<meta property=\"og:image:height\" content=\"1800\" \/>\n\t<meta property=\"og:image:type\" content=\"image\/jpeg\" \/>\n<meta name=\"twitter:card\" content=\"summary_large_image\" \/>\n<meta name=\"twitter:label1\" content=\"Tiempo de lectura\" \/>\n\t<meta name=\"twitter:data1\" content=\"2 minutos\" \/>\n<script type=\"application\/ld+json\" class=\"yoast-schema-graph\">{\"@context\":\"https:\/\/schema.org\",\"@graph\":[{\"@type\":\"WebPage\",\"@id\":\"https:\/\/www.baie-car.com\/es\/producto\/oscurecedor-y-mosquitera-para-ventana-camper-copie-copie-copie\/\",\"url\":\"https:\/\/www.baie-car.com\/es\/producto\/oscurecedor-y-mosquitera-para-ventana-camper-copie-copie-copie\/\",\"name\":\"venta Oscurecedor y mosquitera para furgoneta camper\",\"isPartOf\":{\"@id\":\"https:\/\/www.baie-car.com\/#website\"},\"primaryImageOfPage\":{\"@id\":\"https:\/\/www.baie-car.com\/es\/producto\/oscurecedor-y-mosquitera-para-ventana-camper-copie-copie-copie\/#primaryimage\"},\"image\":{\"@id\":\"https:\/\/www.baie-car.com\/es\/producto\/oscurecedor-y-mosquitera-para-ventana-camper-copie-copie-copie\/#primaryimage\"},\"thumbnailUrl\":\"https:\/\/www.baie-car.com\/wp-content\/uploads\/2022\/06\/oscurecedor-mosquitera-camper.jpg\",\"datePublished\":\"2022-06-15T15:03:55+00:00\",\"dateModified\":\"2026-03-09T08:10:21+00:00\",\"description\":\"El oscurecedor y la mosquitera es la soluci\u00f3n ideal para protegerse eficazmente del fr\u00edo, la luz y los insectos en las furgonetas camper.\",\"breadcrumb\":{\"@id\":\"https:\/\/www.baie-car.com\/es\/producto\/oscurecedor-y-mosquitera-para-ventana-camper-copie-copie-copie\/#breadcrumb\"},\"inLanguage\":\"es\",\"potentialAction\":[{\"@type\":\"ReadAction\",\"target\":[\"https:\/\/www.baie-car.com\/es\/producto\/oscurecedor-y-mosquitera-para-ventana-camper-copie-copie-copie\/\"]}]},{\"@type\":\"ImageObject\",\"inLanguage\":\"es\",\"@id\":\"https:\/\/www.baie-car.com\/es\/producto\/oscurecedor-y-mosquitera-para-ventana-camper-copie-copie-copie\/#primaryimage\",\"url\":\"https:\/\/www.baie-car.com\/wp-content\/uploads\/2022\/06\/oscurecedor-mosquitera-camper.jpg\",\"contentUrl\":\"https:\/\/www.baie-car.com\/wp-content\/uploads\/2022\/06\/oscurecedor-mosquitera-camper.jpg\",\"width\":2400,\"height\":1800},{\"@type\":\"BreadcrumbList\",\"@id\":\"https:\/\/www.baie-car.com\/es\/producto\/oscurecedor-y-mosquitera-para-ventana-camper-copie-copie-copie\/#breadcrumb\",\"itemListElement\":[{\"@type\":\"ListItem\",\"position\":1,\"name\":\"Accueil\",\"item\":\"https:\/\/www.baie-car.com\/es\/\"},{\"@type\":\"ListItem\",\"position\":2,\"name\":\"Productos\",\"item\":\"https:\/\/www.baie-car.com\/es\/shop\/\"},{\"@type\":\"ListItem\",\"position\":3,\"name\":\"Oscurecedor y mosquitera para ventana camper 400&#215;200\"}]},{\"@type\":\"WebSite\",\"@id\":\"https:\/\/www.baie-car.com\/#website\",\"url\":\"https:\/\/www.baie-car.com\/\",\"name\":\"Baie-car\",\"description\":\"VENTA DE VENTANA PARA CARAVANA CAMPER\",\"potentialAction\":[{\"@type\":\"SearchAction\",\"target\":{\"@type\":\"EntryPoint\",\"urlTemplate\":\"https:\/\/www.baie-car.com\/?s={search_term_string}\"},\"query-input\":\"required name=search_term_string\"}],\"inLanguage\":\"es\"}]}<\/script>\n<!-- \/ Yoast SEO plugin. -->","yoast_head_json":{"title":"venta Oscurecedor y mosquitera para furgoneta camper","description":"El oscurecedor y la mosquitera es la soluci\u00f3n ideal para protegerse eficazmente del fr\u00edo, la luz y los insectos en las furgonetas camper.","robots":{"index":"index","follow":"follow","max-snippet":"max-snippet:-1","max-image-preview":"max-image-preview:large","max-video-preview":"max-video-preview:-1"},"canonical":"https:\/\/www.baie-car.com\/es\/producto\/oscurecedor-y-mosquitera-para-ventana-camper-copie-copie-copie\/","og_locale":"es_ES","og_type":"article","og_title":"venta Oscurecedor y mosquitera para furgoneta camper","og_description":"El oscurecedor y la mosquitera es la soluci\u00f3n ideal para protegerse eficazmente del fr\u00edo, la luz y los insectos en las furgonetas camper.","og_url":"https:\/\/www.baie-car.com\/es\/producto\/oscurecedor-y-mosquitera-para-ventana-camper-copie-copie-copie\/","og_site_name":"Baie-car","article_modified_time":"2026-03-09T08:10:21+00:00","og_image":[{"width":2400,"height":1800,"url":"https:\/\/www.baie-car.com\/wp-content\/uploads\/2022\/06\/oscurecedor-mosquitera-camper.jpg","type":"image\/jpeg"}],"twitter_card":"summary_large_image","twitter_misc":{"Tiempo de lectura":"2 minutos"},"schema":{"@context":"https:\/\/schema.org","@graph":[{"@type":"WebPage","@id":"https:\/\/www.baie-car.com\/es\/producto\/oscurecedor-y-mosquitera-para-ventana-camper-copie-copie-copie\/","url":"https:\/\/www.baie-car.com\/es\/producto\/oscurecedor-y-mosquitera-para-ventana-camper-copie-copie-copie\/","name":"venta Oscurecedor y mosquitera para furgoneta camper","isPartOf":{"@id":"https:\/\/www.baie-car.com\/#website"},"primaryImageOfPage":{"@id":"https:\/\/www.baie-car.com\/es\/producto\/oscurecedor-y-mosquitera-para-ventana-camper-copie-copie-copie\/#primaryimage"},"image":{"@id":"https:\/\/www.baie-car.com\/es\/producto\/oscurecedor-y-mosquitera-para-ventana-camper-copie-copie-copie\/#primaryimage"},"thumbnailUrl":"https:\/\/www.baie-car.com\/wp-content\/uploads\/2022\/06\/oscurecedor-mosquitera-camper.jpg","datePublished":"2022-06-15T15:03:55+00:00","dateModified":"2026-03-09T08:10:21+00:00","description":"El oscurecedor y la mosquitera es la soluci\u00f3n ideal para protegerse eficazmente del fr\u00edo, la luz y los insectos en las furgonetas camper.","breadcrumb":{"@id":"https:\/\/www.baie-car.com\/es\/producto\/oscurecedor-y-mosquitera-para-ventana-camper-copie-copie-copie\/#breadcrumb"},"inLanguage":"es","potentialAction":[{"@type":"ReadAction","target":["https:\/\/www.baie-car.com\/es\/producto\/oscurecedor-y-mosquitera-para-ventana-camper-copie-copie-copie\/"]}]},{"@type":"ImageObject","inLanguage":"es","@id":"https:\/\/www.baie-car.com\/es\/producto\/oscurecedor-y-mosquitera-para-ventana-camper-copie-copie-copie\/#primaryimage","url":"https:\/\/www.baie-car.com\/wp-content\/uploads\/2022\/06\/oscurecedor-mosquitera-camper.jpg","contentUrl":"https:\/\/www.baie-car.com\/wp-content\/uploads\/2022\/06\/oscurecedor-mosquitera-camper.jpg","width":2400,"height":1800},{"@type":"BreadcrumbList","@id":"https:\/\/www.baie-car.com\/es\/producto\/oscurecedor-y-mosquitera-para-ventana-camper-copie-copie-copie\/#breadcrumb","itemListElement":[{"@type":"ListItem","position":1,"name":"Accueil","item":"https:\/\/www.baie-car.com\/es\/"},{"@type":"ListItem","position":2,"name":"Productos","item":"https:\/\/www.baie-car.com\/es\/shop\/"},{"@type":"ListItem","position":3,"name":"Oscurecedor y mosquitera para ventana camper 400&#215;200"}]},{"@type":"WebSite","@id":"https:\/\/www.baie-car.com\/#website","url":"https:\/\/www.baie-car.com\/","name":"Baie-car","description":"VENTA DE VENTANA PARA CARAVANA CAMPER","potentialAction":[{"@type":"SearchAction","target":{"@type":"EntryPoint","urlTemplate":"https:\/\/www.baie-car.com\/?s={search_term_string}"},"query-input":"required name=search_term_string"}],"inLanguage":"es"}]}},"_links":{"self":[{"href":"https:\/\/www.baie-car.com\/es\/wp-json\/wp\/v2\/product\/5278","targetHints":{"allow":["GET"]}}],"collection":[{"href":"https:\/\/www.baie-car.com\/es\/wp-json\/wp\/v2\/product"}],"about":[{"href":"https:\/\/www.baie-car.com\/es\/wp-json\/wp\/v2\/types\/product"}],"wp:featuredmedia":[{"embeddable":true,"href":"https:\/\/www.baie-car.com\/es\/wp-json\/wp\/v2\/media\/5298"}],"wp:attachment":[{"href":"https:\/\/www.baie-car.com\/es\/wp-json\/wp\/v2\/media?parent=5278"}],"wp:term":[{"taxonomy":"product_cat","embeddable":true,"href":"https:\/\/www.baie-car.com\/es\/wp-json\/wp\/v2\/product_cat?post=5278"},{"taxonomy":"product_tag","embeddable":true,"href":"https:\/\/www.baie-car.com\/es\/wp-json\/wp\/v2\/product_tag?post=5278"}],"curies":[{"name":"wp","href":"https:\/\/api.w.org\/{rel}","templated":true}]}}