{"id":8333,"date":"2025-11-12T11:17:21","date_gmt":"2025-11-12T10:17:21","guid":{"rendered":"https:\/\/www.baie-car.com\/ventana-de-doble-acristalamiento-para-vehiculos\/"},"modified":"2025-12-04T15:15:33","modified_gmt":"2025-12-04T14:15:33","slug":"ventana-de-doble-acristalamiento-para-vehiculos","status":"publish","type":"page","link":"https:\/\/www.baie-car.com\/es\/ventana-de-doble-acristalamiento-para-vehiculos\/","title":{"rendered":"Ventana de doble acristalamiento para veh\u00edculos"},"content":{"rendered":"<div data-vc-full-width=\"true\" data-vc-full-width-init=\"false\" class=\"vc_row wpb_row vc_row-fluid responsive_js_composer_custom_css_1702555619\"><div class=\"wpb_column vc_column_container vc_col-sm-12\"><div class=\"vc_column-inner\"><div class=\"wpb_wrapper\">            <div class=\"lebe-title style5   lebe_custom_css_212617626   vc_custom_1764857730474 responsive_js_composer_custom_css_1329783207\">\r\n                <div class=\"title-inner\">\r\n                                            <h3 class=\"block-title\">\r\n                            VENTANAS ACRILICAS DE  DOBLE CRISTAL                         <\/h3>\r\n                                    <\/div>\r\n            <\/div>\r\n\r\n            <div style=\"font-size: 18px;color: #000000;line-height: 35px;text-align: center\" class=\"vc_custom_heading responsive_js_composer_custom_css_2100955226\" >BAIE CAR pone a su disposici\u00f3n diferentes tama\u00f1os de ventanas de doble acristalamiento para el acondicionamiento de sus veh\u00edculos.<\/div>            <div class=\"lebe-products    lebe_custom_css_1972036964  style-1  vc_custom_1762413061874 responsive_js_composer_custom_css_974487540\">\r\n\t\t\t\t\t\t\t\t\t                        <ul id=\"lebe_custom_css_1972036964\"\r\n                            class=\"product-grid row auto-clear equal-container better-height nav-circle\">\r\n\t\t\t\t\t\t\t                                <li id=\"post-8277\" class=\"product-item recent-product style-1 rows-space-0 col-bg-4 col-lg-4 col-md-4 col-sm-4 col-xs-6 col-ts-12 famiau-wow-continuous lebe-wow fadeInUp post-8277 product type-product status-publish has-post-thumbnail hentry product_cat-ventana-con-doble-acristalamiento\">\r\n\t\t\t\t\t\t\t\t\t\n<div class=\"product-inner\">\n    <div class=\"product-thumb\">\n        \t\t<div class=\"flash-wrap\">\n\t\t\t<div class=\"flash\">\n\t\t\t\t\t<span class=\"onnew\"><span class=\"text\">En stock<\/span><\/span>\n\t\t\t<\/div>\n\t\t\t\t\t<\/div>\n\t\t\t<a class=\"thumb-link\" href=\"https:\/\/www.baie-car.com\/es\/producto\/ventana-abatibble-doble-cristales-900x450\/\">\n\t\t\t<div class=\"images\"><div class=\"woocommerce-product-gallery__image--placeholder\"><img loading=\"lazy\" decoding=\"async\" class=\"fami-img fami-lazy lazy attachment-post-thumbnail\" width=\"440\" height=\"330\" src=\"https:\/\/www.baie-car.com\/wp-content\/themes\/lebe\/assets\/images\/noimage\/no_image_transparent-440x330.png\" data-src=\"https:\/\/www.baie-car.com\/wp-content\/uploads\/2025\/11\/Captura-de-pantalla-2025-11-06-065027-440x330.jpg\" alt=\"Ventana abatible doble cristal acr\u00edlico 900x450mm\" title=\"Ventana abatible doble cristal acr\u00edlico 900x450mm\" \/><figure class=\"product-second-figure product-second-fadeinDown\"><div class=\"woocommerce-product-gallery__image\"><img loading=\"lazy\" decoding=\"async\" class=\"fami-img fami-lazy lazy product-secondary-img wp-post-image\" width=\"440\" height=\"330\" src=\"https:\/\/www.baie-car.com\/wp-content\/themes\/lebe\/assets\/images\/noimage\/no_image_transparent-440x330.png\" data-src=\"https:\/\/www.baie-car.com\/wp-content\/uploads\/2025\/11\/Captura-de-pantalla-2025-11-06-065027-440x330.jpg\" alt=\"\" \/><\/div><\/figure>\n<!--HTML compressed, size saved 1.94%. From 465 bytes, now 456 bytes--><\/div><\/div>\t\t<\/a>\n\t        <div class=\"button-loop-action\">\n                    <div class=\"add-to-cart\">\n                            <\/div>\n                <\/div>\n    <\/div>\n    <div class=\"product-info equal-elem\">\n        <div class=\"info-top\">\n    \t\t<div class=\"lebe-loop-title-rate\">\t\t<h3 class=\"product-title\">\n\t\t\t<a href=\"https:\/\/www.baie-car.com\/es\/producto\/ventana-abatibble-doble-cristales-900x450\/\">Ventana abatible doble cristal acr\u00edlico 900x450mm<\/a>\n\t\t<\/h3>\n\t<\/div>            <div class=\"list-button-action\">\n                            <\/div>\n        <\/div>\n            <\/div>\n<\/div>                                <\/li>\r\n\t\t\t\t\t\t\t                                <li id=\"post-8261\" class=\"product-item recent-product style-1 rows-space-0 col-bg-4 col-lg-4 col-md-4 col-sm-4 col-xs-6 col-ts-12 famiau-wow-continuous lebe-wow fadeInUp post-8261 product type-product status-publish has-post-thumbnail hentry product_cat-ventana-con-doble-acristalamiento\">\r\n\t\t\t\t\t\t\t\t\t\n<div class=\"product-inner\">\n    <div class=\"product-thumb\">\n        \t\t<div class=\"flash-wrap\">\n\t\t\t<div class=\"flash\">\n\t\t\t\t\t<span class=\"onnew\"><span class=\"text\">En stock<\/span><\/span>\n\t\t\t<\/div>\n\t\t\t\t\t<\/div>\n\t\t\t<a class=\"thumb-link\" href=\"https:\/\/www.baie-car.com\/es\/producto\/ventana-abatible-proyectable-doble-critales-600x350\/\">\n\t\t\t<div class=\"images\"><div class=\"woocommerce-product-gallery__image--placeholder\"><img loading=\"lazy\" decoding=\"async\" class=\"fami-img fami-lazy lazy attachment-post-thumbnail\" width=\"440\" height=\"330\" src=\"https:\/\/www.baie-car.com\/wp-content\/themes\/lebe\/assets\/images\/noimage\/no_image_transparent-440x330.png\" data-src=\"https:\/\/www.baie-car.com\/wp-content\/uploads\/2025\/11\/Photoroom_20251110_154017-440x330.jpg\" alt=\"Ventana abatible proyectable doble cristales 600x350mm\" title=\"Ventana abatible proyectable doble cristales 600x350mm\" \/><figure class=\"product-second-figure product-second-fadeinDown\"><div class=\"woocommerce-product-gallery__image\"><img loading=\"lazy\" decoding=\"async\" class=\"fami-img fami-lazy lazy product-secondary-img wp-post-image\" width=\"440\" height=\"330\" src=\"https:\/\/www.baie-car.com\/wp-content\/themes\/lebe\/assets\/images\/noimage\/no_image_transparent-440x330.png\" data-src=\"https:\/\/www.baie-car.com\/wp-content\/uploads\/2025\/11\/Photoroom_20251110_153907-440x330.jpeg\" alt=\"\" \/><\/div><\/figure>\n<!--HTML compressed, size saved 1.98%. From 454 bytes, now 445 bytes--><\/div><\/div>\t\t<\/a>\n\t        <div class=\"button-loop-action\">\n                    <div class=\"add-to-cart\">\n                            <\/div>\n                <\/div>\n    <\/div>\n    <div class=\"product-info equal-elem\">\n        <div class=\"info-top\">\n    \t\t<div class=\"lebe-loop-title-rate\">\t\t<h3 class=\"product-title\">\n\t\t\t<a href=\"https:\/\/www.baie-car.com\/es\/producto\/ventana-abatible-proyectable-doble-critales-600x350\/\">Ventana abatible proyectable doble cristales 600x350mm<\/a>\n\t\t<\/h3>\n\t<\/div>            <div class=\"list-button-action\">\n                            <\/div>\n        <\/div>\n            <\/div>\n<\/div>                                <\/li>\r\n\t\t\t\t\t\t\t                                <li id=\"post-8321\" class=\"product-item recent-product style-1 rows-space-0 col-bg-4 col-lg-4 col-md-4 col-sm-4 col-xs-6 col-ts-12 famiau-wow-continuous lebe-wow fadeInUp post-8321 product type-product status-publish has-post-thumbnail hentry product_cat-ventana-con-doble-acristalamiento\">\r\n\t\t\t\t\t\t\t\t\t\n<div class=\"product-inner\">\n    <div class=\"product-thumb\">\n        \t\t<div class=\"flash-wrap\">\n\t\t\t<div class=\"flash\">\n\t\t\t\t\t<span class=\"onnew\"><span class=\"text\">En stock<\/span><\/span>\n\t\t\t<\/div>\n\t\t\t\t\t<\/div>\n\t\t\t<a class=\"thumb-link\" href=\"https:\/\/www.baie-car.com\/es\/producto\/ventana-abatible-proyectable-doble-cristal-11000x450\/\">\n\t\t\t<div class=\"images\"><div class=\"woocommerce-product-gallery__image--placeholder\"><img loading=\"lazy\" decoding=\"async\" class=\"fami-img fami-lazy lazy attachment-post-thumbnail\" width=\"440\" height=\"330\" src=\"https:\/\/www.baie-car.com\/wp-content\/themes\/lebe\/assets\/images\/noimage\/no_image_transparent-440x330.png\" data-src=\"https:\/\/www.baie-car.com\/wp-content\/uploads\/2025\/11\/Captura-de-pantalla-2025-11-06-065027-440x330.jpg\" alt=\"Ventana abatible proyectable doble cristales acr\u00edlico 1100&#215;450 mm\" title=\"Ventana abatible proyectable doble cristales acr\u00edlico 1100&#215;450 mm\" \/><figure class=\"product-second-figure product-second-fadeinDown\"><div class=\"woocommerce-product-gallery__image\"><img loading=\"lazy\" decoding=\"async\" class=\"fami-img fami-lazy lazy product-secondary-img wp-post-image\" width=\"440\" height=\"330\" src=\"https:\/\/www.baie-car.com\/wp-content\/themes\/lebe\/assets\/images\/noimage\/no_image_transparent-440x330.png\" data-src=\"https:\/\/www.baie-car.com\/wp-content\/uploads\/2025\/11\/Captura-de-pantalla-2025-11-06-065027-440x330.jpg\" alt=\"\" \/><\/div><\/figure>\n<!--HTML compressed, size saved 1.94%. From 465 bytes, now 456 bytes--><\/div><\/div>\t\t<\/a>\n\t        <div class=\"button-loop-action\">\n                    <div class=\"add-to-cart\">\n                            <\/div>\n                <\/div>\n    <\/div>\n    <div class=\"product-info equal-elem\">\n        <div class=\"info-top\">\n    \t\t<div class=\"lebe-loop-title-rate\">\t\t<h3 class=\"product-title\">\n\t\t\t<a href=\"https:\/\/www.baie-car.com\/es\/producto\/ventana-abatible-proyectable-doble-cristal-11000x450\/\">Ventana abatible proyectable doble cristales acr\u00edlico 1100&#215;450 mm<\/a>\n\t\t<\/h3>\n\t<\/div>            <div class=\"list-button-action\">\n                            <\/div>\n        <\/div>\n            <\/div>\n<\/div>                                <\/li>\r\n\t\t\t\t\t\t\t                        <\/ul>\r\n\t\t\t\t\t\t\t\t\t\t\t\t\t\t\t            <\/div>\r\n\t\t\t<\/div><\/div><\/div><\/div><div class=\"vc_row-full-width vc_clearfix\"><\/div><div class=\"vc_row wpb_row vc_row-fluid\"><div class=\"wpb_column vc_column_container vc_col-sm-12\"><div class=\"vc_column-inner\"><div class=\"wpb_wrapper\">\n\t<div class=\"wpb_text_column wpb_content_element \" >\n\t\t<div class=\"wpb_wrapper\">\n\t\t\t<p><\/span><\/span><\/p>\n\n\t\t<\/div>\n\t<\/div>\n<\/div><\/div><\/div><\/div>\n","protected":false},"excerpt":{"rendered":"Ventana abatible proyectante doble cristal acrilico 1100x450mm Ventana acr\u00edlica de doble acristalamiento abatible con oscurecedor y mosquitera \u2013 Calidad BAIE-CAR La excelencia en acristalamiento para tus veh\u00edculos camperizados Descubre la nueva generaci\u00f3n de ventanas abatibles con doble acristalamiento acr\u00edlico de BAIE-CAR, dise\u00f1adas para ofrecer confort, aislamiento y seguridad en todo tipo de veh\u00edculos: autocaravanas, furgonetas [...]","protected":false},"author":1,"featured_media":0,"parent":0,"menu_order":0,"comment_status":"closed","ping_status":"closed","template":"templates\/fullwidth.php","meta":{"footnotes":""},"class_list":["post-8333","page","type-page","status-publish","hentry"],"yoast_head":"<!-- This site is optimized with the Yoast SEO plugin v22.3 - https:\/\/yoast.com\/wordpress\/plugins\/seo\/ -->\n<title>Ventanas de doble acristalamiento para autocaravanas, camiones y furgonetas camperizadas<\/title>\n<meta name=\"description\" content=\"Descubra nuestra gama de ventanas de doble acristalamiento y correderas en diferentes tama\u00f1os, para veh\u00edculos como autocaravanas, furgonetas camperizadas, furgonetas y mucho m\u00e1s.\" \/>\n<meta name=\"robots\" content=\"index, follow, max-snippet:-1, max-image-preview:large, max-video-preview:-1\" \/>\n<link rel=\"canonical\" href=\"https:\/\/www.baie-car.com\/es\/ventana-de-doble-acristalamiento-para-vehiculos\/\" \/>\n<meta property=\"og:locale\" content=\"es_ES\" \/>\n<meta property=\"og:type\" content=\"article\" \/>\n<meta property=\"og:title\" content=\"Ventanas de doble acristalamiento para autocaravanas, camiones y furgonetas camperizadas\" \/>\n<meta property=\"og:description\" content=\"Descubra nuestra gama de ventanas de doble acristalamiento y correderas en diferentes tama\u00f1os, para veh\u00edculos como autocaravanas, furgonetas camperizadas, furgonetas y mucho m\u00e1s.\" \/>\n<meta property=\"og:url\" content=\"https:\/\/www.baie-car.com\/es\/ventana-de-doble-acristalamiento-para-vehiculos\/\" \/>\n<meta property=\"og:site_name\" content=\"Baie-car\" \/>\n<meta property=\"article:modified_time\" content=\"2025-12-04T14:15:33+00:00\" \/>\n<meta name=\"twitter:card\" content=\"summary_large_image\" \/>\n<meta name=\"twitter:label1\" content=\"Tiempo de lectura\" \/>\n\t<meta name=\"twitter:data1\" content=\"1 minuto\" \/>\n<script type=\"application\/ld+json\" class=\"yoast-schema-graph\">{\"@context\":\"https:\/\/schema.org\",\"@graph\":[{\"@type\":\"WebPage\",\"@id\":\"https:\/\/www.baie-car.com\/es\/ventana-de-doble-acristalamiento-para-vehiculos\/\",\"url\":\"https:\/\/www.baie-car.com\/es\/ventana-de-doble-acristalamiento-para-vehiculos\/\",\"name\":\"Ventanas de doble acristalamiento para autocaravanas, camiones y furgonetas camperizadas\",\"isPartOf\":{\"@id\":\"https:\/\/www.baie-car.com\/#website\"},\"datePublished\":\"2025-11-12T10:17:21+00:00\",\"dateModified\":\"2025-12-04T14:15:33+00:00\",\"description\":\"Descubra nuestra gama de ventanas de doble acristalamiento y correderas en diferentes tama\u00f1os, para veh\u00edculos como autocaravanas, furgonetas camperizadas, furgonetas y mucho m\u00e1s.\",\"breadcrumb\":{\"@id\":\"https:\/\/www.baie-car.com\/es\/ventana-de-doble-acristalamiento-para-vehiculos\/#breadcrumb\"},\"inLanguage\":\"es\",\"potentialAction\":[{\"@type\":\"ReadAction\",\"target\":[\"https:\/\/www.baie-car.com\/es\/ventana-de-doble-acristalamiento-para-vehiculos\/\"]}]},{\"@type\":\"BreadcrumbList\",\"@id\":\"https:\/\/www.baie-car.com\/es\/ventana-de-doble-acristalamiento-para-vehiculos\/#breadcrumb\",\"itemListElement\":[{\"@type\":\"ListItem\",\"position\":1,\"name\":\"Accueil\",\"item\":\"https:\/\/www.baie-car.com\/es\/\"},{\"@type\":\"ListItem\",\"position\":2,\"name\":\"Ventana de doble acristalamiento para veh\u00edculos\"}]},{\"@type\":\"WebSite\",\"@id\":\"https:\/\/www.baie-car.com\/#website\",\"url\":\"https:\/\/www.baie-car.com\/\",\"name\":\"Baie-car\",\"description\":\"VENTA DE VENTANA PARA CARAVANA CAMPER\",\"potentialAction\":[{\"@type\":\"SearchAction\",\"target\":{\"@type\":\"EntryPoint\",\"urlTemplate\":\"https:\/\/www.baie-car.com\/?s={search_term_string}\"},\"query-input\":\"required name=search_term_string\"}],\"inLanguage\":\"es\"}]}<\/script>\n<!-- \/ Yoast SEO plugin. -->","yoast_head_json":{"title":"Ventanas de doble acristalamiento para autocaravanas, camiones y furgonetas camperizadas","description":"Descubra nuestra gama de ventanas de doble acristalamiento y correderas en diferentes tama\u00f1os, para veh\u00edculos como autocaravanas, furgonetas camperizadas, furgonetas y mucho m\u00e1s.","robots":{"index":"index","follow":"follow","max-snippet":"max-snippet:-1","max-image-preview":"max-image-preview:large","max-video-preview":"max-video-preview:-1"},"canonical":"https:\/\/www.baie-car.com\/es\/ventana-de-doble-acristalamiento-para-vehiculos\/","og_locale":"es_ES","og_type":"article","og_title":"Ventanas de doble acristalamiento para autocaravanas, camiones y furgonetas camperizadas","og_description":"Descubra nuestra gama de ventanas de doble acristalamiento y correderas en diferentes tama\u00f1os, para veh\u00edculos como autocaravanas, furgonetas camperizadas, furgonetas y mucho m\u00e1s.","og_url":"https:\/\/www.baie-car.com\/es\/ventana-de-doble-acristalamiento-para-vehiculos\/","og_site_name":"Baie-car","article_modified_time":"2025-12-04T14:15:33+00:00","twitter_card":"summary_large_image","twitter_misc":{"Tiempo de lectura":"1 minuto"},"schema":{"@context":"https:\/\/schema.org","@graph":[{"@type":"WebPage","@id":"https:\/\/www.baie-car.com\/es\/ventana-de-doble-acristalamiento-para-vehiculos\/","url":"https:\/\/www.baie-car.com\/es\/ventana-de-doble-acristalamiento-para-vehiculos\/","name":"Ventanas de doble acristalamiento para autocaravanas, camiones y furgonetas camperizadas","isPartOf":{"@id":"https:\/\/www.baie-car.com\/#website"},"datePublished":"2025-11-12T10:17:21+00:00","dateModified":"2025-12-04T14:15:33+00:00","description":"Descubra nuestra gama de ventanas de doble acristalamiento y correderas en diferentes tama\u00f1os, para veh\u00edculos como autocaravanas, furgonetas camperizadas, furgonetas y mucho m\u00e1s.","breadcrumb":{"@id":"https:\/\/www.baie-car.com\/es\/ventana-de-doble-acristalamiento-para-vehiculos\/#breadcrumb"},"inLanguage":"es","potentialAction":[{"@type":"ReadAction","target":["https:\/\/www.baie-car.com\/es\/ventana-de-doble-acristalamiento-para-vehiculos\/"]}]},{"@type":"BreadcrumbList","@id":"https:\/\/www.baie-car.com\/es\/ventana-de-doble-acristalamiento-para-vehiculos\/#breadcrumb","itemListElement":[{"@type":"ListItem","position":1,"name":"Accueil","item":"https:\/\/www.baie-car.com\/es\/"},{"@type":"ListItem","position":2,"name":"Ventana de doble acristalamiento para veh\u00edculos"}]},{"@type":"WebSite","@id":"https:\/\/www.baie-car.com\/#website","url":"https:\/\/www.baie-car.com\/","name":"Baie-car","description":"VENTA DE VENTANA PARA CARAVANA CAMPER","potentialAction":[{"@type":"SearchAction","target":{"@type":"EntryPoint","urlTemplate":"https:\/\/www.baie-car.com\/?s={search_term_string}"},"query-input":"required name=search_term_string"}],"inLanguage":"es"}]}},"_links":{"self":[{"href":"https:\/\/www.baie-car.com\/es\/wp-json\/wp\/v2\/pages\/8333","targetHints":{"allow":["GET"]}}],"collection":[{"href":"https:\/\/www.baie-car.com\/es\/wp-json\/wp\/v2\/pages"}],"about":[{"href":"https:\/\/www.baie-car.com\/es\/wp-json\/wp\/v2\/types\/page"}],"author":[{"embeddable":true,"href":"https:\/\/www.baie-car.com\/es\/wp-json\/wp\/v2\/users\/1"}],"replies":[{"embeddable":true,"href":"https:\/\/www.baie-car.com\/es\/wp-json\/wp\/v2\/comments?post=8333"}],"version-history":[{"count":6,"href":"https:\/\/www.baie-car.com\/es\/wp-json\/wp\/v2\/pages\/8333\/revisions"}],"predecessor-version":[{"id":8367,"href":"https:\/\/www.baie-car.com\/es\/wp-json\/wp\/v2\/pages\/8333\/revisions\/8367"}],"wp:attachment":[{"href":"https:\/\/www.baie-car.com\/es\/wp-json\/wp\/v2\/media?parent=8333"}],"curies":[{"name":"wp","href":"https:\/\/api.w.org\/{rel}","templated":true}]}}