{"id":3593,"date":"2020-04-14T17:53:01","date_gmt":"2020-04-14T15:53:01","guid":{"rendered":"https:\/\/www.baie-car.com\/politiques-de-protection-de-la-vie-privee\/"},"modified":"2020-04-14T18:49:53","modified_gmt":"2020-04-14T16:49:53","slug":"politica-de-privacidad","status":"publish","type":"page","link":"https:\/\/www.baie-car.com\/es\/politica-de-privacidad\/","title":{"rendered":"POL\u00cdTICA DE PRIVACIDAD"},"content":{"rendered":"<div class=\"vc_row wpb_row vc_row-fluid\"><div class=\"wpb_column vc_column_container vc_col-sm-12\"><div class=\"vc_column-inner\"><div class=\"wpb_wrapper\">\n\t<div class=\"wpb_text_column wpb_content_element  responsive_js_composer_custom_css_2091735106\" >\n\t\t<div class=\"wpb_wrapper\">\n\t\t\t<h4><\/h4>\n<p>A efecto del previsto en el Reglamento (UE) 2016\/679, del Parlamento Europeo y del Consejo, de 27 de abril del 2016, Baie-Car.com s.c. con NIF ES J55357576 informa al Usuario que sus datos de car\u00e1cter personal ser\u00e1n tratados con la finalidad de prestarle los servicios solicitados y enviarle la informaci\u00f3n sobre nuestra empresa que pueda ser de su inter\u00e9s.<\/p>\n<p>&nbsp;<\/p>\n<h4>Env\u00edo y registro de datos de car\u00e1cter personal<\/h4>\n<p>El env\u00edo de datos de car\u00e1cter personal es obligatorio para contactar y recibir informaci\u00f3n sobre los servicios prestados por <strong>Baie-Car.com s.c.<\/strong> As\u00ed mismo, el no facilitar los datos personales solicitados o el no aceptar la presente pol\u00edtica de protecci\u00f3n de datos supone la imposibilidad de suscribirse, registrarse o recibir informaci\u00f3n de estos servicios.<\/p>\n<p>Cuando los datos de car\u00e1cter personal sean obtenidos del afectado a trav\u00e9s de redes de comunicaciones electr\u00f3nicas o en el marco de la prestaci\u00f3n de un servicio de la sociedad de la informaci\u00f3n, as\u00ed como en aquellos otros supuestos expresamente establecidos por la ley o cuando as\u00ed lo autorice la Agencia Espa\u00f1ola de Protecci\u00f3n de Datos, el responsable del tratamiento podr\u00e1 dar cumplimiento al deber de informaci\u00f3n establecido en el art\u00edculo 13 del Reglamento (UE) 2016\/679 facilitando al afectado almenos la informaci\u00f3n b\u00e1sica siguiente:<\/p>\n<p><strong>a)<\/strong> La identidad del responsable del tratamiento y de su representante, en su caso.<br \/>\n<strong>b)<\/strong> La finalidad del tratamiento<br \/>\n<strong>c)<\/strong> La manera en que el afectado podr\u00e1 ejercitar los derechos establecidos en los art\u00edculos 15 a 22 del Reglamento (UE) 2016\/679<\/p>\n<p>Sin embargo, los responsables y encargados del tratamiento o, en su caso, sus representantes deber\u00e1n mantener el registro de actividades de tratamiento a que se refiere el art\u00edculo 30 del Reglamento (UE) 2016\/679, a menos que la empresa o organizaci\u00f3n ocupen menos de 250 personas, con la excepci\u00f3n de que el tratamiento que realice pueda suponer un riesgo para los derechos y libertades de los interesados, no sea ocasional, o incluya categor\u00edas especiales de datos personales indicados en el art\u00edculo 9, apartado 1, o datos personales relativos a condenas e infracciones penales a que se refiere el art\u00edculo 10 del Reglamento (UE) 2016\/679.<\/p>\n<p>Finalmente, el art\u00edculo 5.1.f) del Reglamento (UE) 2016\/679 determina la necesidad de establecer garant\u00edas de seguridad adecuadas contra el tratamiento no autorizado o il\u00edcito, contra la p\u00e9rdida de los datos personales, la destrucci\u00f3n o el da\u00f1o accidental. Esto implica el establecimiento de medidas t\u00e9cnicas y organizativas encaminadas a asegurar la integridad y confidencialidad de los datos personales y la posibilidad (art\u00edculo 5.2) de demostrar que estas medidas se han llevado a la pr\u00e1ctica (responsabilidad proactiva).<\/p>\n<p>&nbsp;<\/p>\n<h4>Exactitud y veracidad de los datos facilitados.<\/h4>\n<p>El Usuario que env\u00eda la informaci\u00f3n a Baie-Car.com s.c.. es el \u00fanico responsable de la veracidad y correcci\u00f3n de los datos incluidos, exoner\u00e1ndose Baie-Car.com s.c. de cualquier responsabilidad sobre este tema.<\/p>\n<p>Los usuarios garantizan y responden, en cualquier caso, de la exactitud, vigencia y autenticidad de los datos personales facilitados, y se comprometen a mantenerlos debidamente actualizados.<br \/>\nEl Usuario acepta proporcionar informaci\u00f3n completa y correcta en el formulario de registro o suscripci\u00f3n.<\/p>\n<p><strong>Baie-Car.com s.c.<\/strong> no responde de la veracidad de las informaciones que no sean de elaboraci\u00f3n propia y de las cuales se indique otra fuente, por lo cual tampoco asume responsabilidad alguna en cuanto a hipot\u00e9ticos perjuicios que pudieran originarse por el uso de esta informaci\u00f3n. Se exonera a <strong>Baie-Car.com s.c.<\/strong> de responsabilidad ante cualquier da\u00f1o o perjuicio que pudiera sufrir el Usuario como consecuencia de errores, defectos u omisiones, en la informaci\u00f3n facilitada por <strong>Baie-Car.com s.c.<\/strong> siempre que proceda de fuentes ajenas a <strong>Baie-Car.com s.c.<\/strong><\/p>\n<h4><\/h4>\n<h4>Cesi\u00f3n de datos a terceros<\/h4>\n<p><strong>Baie-Car.com s.c.<\/strong> no ceder\u00e1 los datos personales a terceros. Sin embargo, en el caso de ser cedidos a alg\u00fan tercero se producir\u00eda una informaci\u00f3n previa, solicitando el consentimiento expreso del afectado en virtud del art\u00edculo 4.11 del Reglamento (UE) 2016\/679.<\/p>\n<p>&nbsp;<\/p>\n<h4>Ejercicio de derechos de acceso, rectificaci\u00f3n, supresi\u00f3n, limitaci\u00f3n, portabilidad y oposici\u00f3n<\/h4>\n<p>Podr\u00e1 dirigir sus comunicaciones y ejercitar los derechos de acceso, rectificaci\u00f3n, supresi\u00f3n, limitaci\u00f3n, portabilidad y oposici\u00f3n a trav\u00e9s de correo postal en <strong>Baie-Car.com s.c.<\/strong> c\/ immanuel kant n\u00b05 17495 Palau Saverdera o al email: info@baie-car.com junto con prueba v\u00e1lida en derecho, como fotocopia del D.N.I. e indicando en el asunto \u00abPROTECCI\u00d3N DE DATOS\u00bb.<\/p>\n<p>&nbsp;<\/p>\n<h4>Aceptaci\u00f3n y consentimiento<\/h4>\n<p>El Usuario declara haber sido informado de las condiciones sobre protecci\u00f3n de datos de car\u00e1cter personal, aceptando y consintiendo el tratamiento de las mismas por parte de <strong>Baie-Car.com s.c.<\/strong>, en la forma y para las finalidades indicadas en la presente Pol\u00edtica de Protecci\u00f3n de Datos Personales.<\/p>\n<p>&nbsp;<\/p>\n<h4>Cambios en la presente pol\u00edtica de privacidad<\/h4>\n<p><strong>Baie-Car.com s.c.<\/strong> se reserva el derecho a modificar la presente pol\u00edtica para adaptarla a novedades legislativas o jurisprudenciales, as\u00ed como a pr\u00e1cticas de la industria. En dichos supuestos, <strong>Baie-Car.com s.c.<\/strong> anunciar\u00e1 en esta p\u00e1gina los cambios introducidos con razonable antelaci\u00f3n a su puesta en pr\u00e1ctica.<\/p>\n\n\t\t<\/div>\n\t<\/div>\n<\/div><\/div><\/div><\/div>\n","protected":false},"excerpt":{"rendered":"A efecto del previsto en el Reglamento (UE) 2016\/679, del Parlamento Europeo y del Consejo, de 27 de abril del 2016, Baie-Car.com s.c. con NIF ES J55357576 informa al Usuario que sus datos de car\u00e1cter personal ser\u00e1n tratados con la finalidad de prestarle los servicios solicitados y enviarle la informaci\u00f3n sobre nuestra empresa que pueda [...]","protected":false},"author":1,"featured_media":0,"parent":0,"menu_order":0,"comment_status":"open","ping_status":"open","template":"","meta":{"footnotes":""},"class_list":["post-3593","page","type-page","status-publish","hentry"],"yoast_head":"<!-- This site is optimized with the Yoast SEO plugin v22.3 - https:\/\/yoast.com\/wordpress\/plugins\/seo\/ -->\n<title>POL\u00cdTICA DE PRIVACIDAD - Baie-car<\/title>\n<meta name=\"robots\" content=\"index, follow, max-snippet:-1, max-image-preview:large, max-video-preview:-1\" \/>\n<link rel=\"canonical\" href=\"https:\/\/www.baie-car.com\/es\/politica-de-privacidad\/\" \/>\n<meta property=\"og:locale\" content=\"es_ES\" \/>\n<meta property=\"og:type\" content=\"article\" \/>\n<meta property=\"og:title\" content=\"POL\u00cdTICA DE PRIVACIDAD - Baie-car\" \/>\n<meta property=\"og:url\" content=\"https:\/\/www.baie-car.com\/es\/politica-de-privacidad\/\" \/>\n<meta property=\"og:site_name\" content=\"Baie-car\" \/>\n<meta property=\"article:modified_time\" content=\"2020-04-14T16:49:53+00:00\" \/>\n<meta name=\"twitter:card\" content=\"summary_large_image\" \/>\n<meta name=\"twitter:label1\" content=\"Tiempo de lectura\" \/>\n\t<meta name=\"twitter:data1\" content=\"5 minutos\" \/>\n<script type=\"application\/ld+json\" class=\"yoast-schema-graph\">{\"@context\":\"https:\/\/schema.org\",\"@graph\":[{\"@type\":\"WebPage\",\"@id\":\"https:\/\/www.baie-car.com\/es\/politica-de-privacidad\/\",\"url\":\"https:\/\/www.baie-car.com\/es\/politica-de-privacidad\/\",\"name\":\"POL\u00cdTICA DE PRIVACIDAD - Baie-car\",\"isPartOf\":{\"@id\":\"https:\/\/www.baie-car.com\/#website\"},\"datePublished\":\"2020-04-14T15:53:01+00:00\",\"dateModified\":\"2020-04-14T16:49:53+00:00\",\"breadcrumb\":{\"@id\":\"https:\/\/www.baie-car.com\/es\/politica-de-privacidad\/#breadcrumb\"},\"inLanguage\":\"es\",\"potentialAction\":[{\"@type\":\"ReadAction\",\"target\":[\"https:\/\/www.baie-car.com\/es\/politica-de-privacidad\/\"]}]},{\"@type\":\"BreadcrumbList\",\"@id\":\"https:\/\/www.baie-car.com\/es\/politica-de-privacidad\/#breadcrumb\",\"itemListElement\":[{\"@type\":\"ListItem\",\"position\":1,\"name\":\"Accueil\",\"item\":\"https:\/\/www.baie-car.com\/es\/\"},{\"@type\":\"ListItem\",\"position\":2,\"name\":\"POL\u00cdTICA DE PRIVACIDAD\"}]},{\"@type\":\"WebSite\",\"@id\":\"https:\/\/www.baie-car.com\/#website\",\"url\":\"https:\/\/www.baie-car.com\/\",\"name\":\"Baie-car\",\"description\":\"VENTA DE VENTANA PARA CARAVANA CAMPER\",\"potentialAction\":[{\"@type\":\"SearchAction\",\"target\":{\"@type\":\"EntryPoint\",\"urlTemplate\":\"https:\/\/www.baie-car.com\/?s={search_term_string}\"},\"query-input\":\"required name=search_term_string\"}],\"inLanguage\":\"es\"}]}<\/script>\n<!-- \/ Yoast SEO plugin. -->","yoast_head_json":{"title":"POL\u00cdTICA DE PRIVACIDAD - Baie-car","robots":{"index":"index","follow":"follow","max-snippet":"max-snippet:-1","max-image-preview":"max-image-preview:large","max-video-preview":"max-video-preview:-1"},"canonical":"https:\/\/www.baie-car.com\/es\/politica-de-privacidad\/","og_locale":"es_ES","og_type":"article","og_title":"POL\u00cdTICA DE PRIVACIDAD - Baie-car","og_url":"https:\/\/www.baie-car.com\/es\/politica-de-privacidad\/","og_site_name":"Baie-car","article_modified_time":"2020-04-14T16:49:53+00:00","twitter_card":"summary_large_image","twitter_misc":{"Tiempo de lectura":"5 minutos"},"schema":{"@context":"https:\/\/schema.org","@graph":[{"@type":"WebPage","@id":"https:\/\/www.baie-car.com\/es\/politica-de-privacidad\/","url":"https:\/\/www.baie-car.com\/es\/politica-de-privacidad\/","name":"POL\u00cdTICA DE PRIVACIDAD - Baie-car","isPartOf":{"@id":"https:\/\/www.baie-car.com\/#website"},"datePublished":"2020-04-14T15:53:01+00:00","dateModified":"2020-04-14T16:49:53+00:00","breadcrumb":{"@id":"https:\/\/www.baie-car.com\/es\/politica-de-privacidad\/#breadcrumb"},"inLanguage":"es","potentialAction":[{"@type":"ReadAction","target":["https:\/\/www.baie-car.com\/es\/politica-de-privacidad\/"]}]},{"@type":"BreadcrumbList","@id":"https:\/\/www.baie-car.com\/es\/politica-de-privacidad\/#breadcrumb","itemListElement":[{"@type":"ListItem","position":1,"name":"Accueil","item":"https:\/\/www.baie-car.com\/es\/"},{"@type":"ListItem","position":2,"name":"POL\u00cdTICA DE PRIVACIDAD"}]},{"@type":"WebSite","@id":"https:\/\/www.baie-car.com\/#website","url":"https:\/\/www.baie-car.com\/","name":"Baie-car","description":"VENTA DE VENTANA PARA CARAVANA CAMPER","potentialAction":[{"@type":"SearchAction","target":{"@type":"EntryPoint","urlTemplate":"https:\/\/www.baie-car.com\/?s={search_term_string}"},"query-input":"required name=search_term_string"}],"inLanguage":"es"}]}},"_links":{"self":[{"href":"https:\/\/www.baie-car.com\/es\/wp-json\/wp\/v2\/pages\/3593","targetHints":{"allow":["GET"]}}],"collection":[{"href":"https:\/\/www.baie-car.com\/es\/wp-json\/wp\/v2\/pages"}],"about":[{"href":"https:\/\/www.baie-car.com\/es\/wp-json\/wp\/v2\/types\/page"}],"author":[{"embeddable":true,"href":"https:\/\/www.baie-car.com\/es\/wp-json\/wp\/v2\/users\/1"}],"replies":[{"embeddable":true,"href":"https:\/\/www.baie-car.com\/es\/wp-json\/wp\/v2\/comments?post=3593"}],"version-history":[{"count":2,"href":"https:\/\/www.baie-car.com\/es\/wp-json\/wp\/v2\/pages\/3593\/revisions"}],"predecessor-version":[{"id":3595,"href":"https:\/\/www.baie-car.com\/es\/wp-json\/wp\/v2\/pages\/3593\/revisions\/3595"}],"wp:attachment":[{"href":"https:\/\/www.baie-car.com\/es\/wp-json\/wp\/v2\/media?parent=3593"}],"curies":[{"name":"wp","href":"https:\/\/api.w.org\/{rel}","templated":true}]}}