{"id":3184,"date":"2018-12-21T02:16:32","date_gmt":"2018-12-21T02:16:32","guid":{"rendered":"https:\/\/www.baie-car.com\/home-funiture\/"},"modified":"2023-01-10T21:21:58","modified_gmt":"2023-01-10T20:21:58","slug":"ventana-vehiculos-autocaravana-camper","status":"publish","type":"page","link":"https:\/\/www.baie-car.com\/es\/","title":{"rendered":"Inicio"},"content":{"rendered":"<div class=\"vc_row wpb_row vc_row-fluid vc_row-o-equal-height vc_row-flex responsive_js_composer_custom_css_181738996\"><div class=\"wpb_column vc_column_container vc_col-sm-6 responsive_js_composer_custom_css_132838512\"><div class=\"vc_column-inner vc_custom_1569927851659\"><div class=\"wpb_wrapper\"><h2 style=\"font-size: 40px;text-align: left\" class=\"vc_custom_heading responsive_js_composer_custom_css_616917442\" >BAIE CAR<\/h2>            <div class=\"lebe-title style4   lebe_custom_css_1212338668   responsive_js_composer_custom_css_138725787\">\r\n                <div class=\"title-inner\">\r\n                                            <h3 class=\"block-title\">\r\n                            Expertos en ventanas para veh\u00edculos                        <\/h3>\r\n                                    <\/div>\r\n            <\/div>\r\n\r\n            <\/div><\/div><\/div><div class=\"wpb_column vc_column_container vc_col-sm-6 responsive_js_composer_custom_css_1154990805\"><div class=\"vc_column-inner vc_custom_1570623303184\"><div class=\"wpb_wrapper\">\n\t<div class=\"wpb_text_column wpb_content_element  responsive_js_composer_custom_css_843690718\" >\n\t\t<div class=\"wpb_wrapper\">\n\t\t\t<p style=\"text-align: left;\">Baie car, experto especializado en el desarrollo, fabricaci\u00f3n de ventanas y recortes de vidrio en el sector de autobuses, camiones para caballos, furgonetas para caballos, furgoneta camper y autocaravanas.<\/p>\n<p style=\"text-align: left;\">Dispuestos a las demandas y expectativas de nuestros clientes ofreciendo productos de alta calidad y un servicio din\u00e1mico.<\/p>\n\n\t\t<\/div>\n\t<\/div>\n<\/div><\/div><\/div><\/div><div id=\"home-banners\" class=\"vc_row wpb_row vc_row-fluid responsive_js_composer_custom_css_1262070705\"><div class=\"wpb_column vc_column_container vc_col-sm-5 vc_col-lg-offset-1 vc_col-md-offset-1 vc_col-sm-offset-0 responsive_js_composer_custom_css_769124663\"><div class=\"vc_column-inner\"><div class=\"wpb_wrapper\">            <div class=\"lebe-banner style-13     lebe_custom_css_53618789 lebe-wow fadeInUp   responsive_js_composer_custom_css_198704184\">\r\n                <div class=\"banner-inner \">\r\n                                            <figure class=\"banner-thumb \">\r\n                            <a target=\"_self\" href=\"https:\/\/www.baie-car.com\/es\/ventana-corredera-abatible\/\">\r\n                                <img loading=\"lazy\" decoding=\"async\" width=\"440\" height=\"440\" src=\"https:\/\/www.baie-car.com\/wp-content\/uploads\/2019\/10\/banner921-6.jpg\" class=\"attachment-full size-full\" alt=\"\" srcset=\"https:\/\/www.baie-car.com\/wp-content\/uploads\/2019\/10\/banner921-6.jpg 440w, https:\/\/www.baie-car.com\/wp-content\/uploads\/2019\/10\/banner921-6-150x150.jpg 150w, https:\/\/www.baie-car.com\/wp-content\/uploads\/2019\/10\/banner921-6-300x300.jpg 300w, https:\/\/www.baie-car.com\/wp-content\/uploads\/2019\/10\/banner921-6-100x100.jpg 100w\" sizes=\"auto, (max-width: 440px) 100vw, 440px\" \/>                            <\/a>\r\n                        <\/figure>\r\n                                        <div class=\"banner-info \">\r\n                        <div class=\"banner-info-inner \">\r\n                                                                                        <h3 class=\"bigtitle\">\r\n                                                                            Ventana Corredera                                                                    <\/h3>\r\n                                                                                                                    <a class=\"button\" target=\"_self\"\r\n                                   href=\"https:\/\/www.baie-car.com\/es\/ventana-corredera-abatible\/\"><span>Ver los productos<\/span><\/a>\r\n                                                    <\/div>\r\n                    <\/div>\r\n                <\/div>\r\n            <\/div>\r\n            <\/div><\/div><\/div><div class=\"wpb_column vc_column_container vc_col-sm-5 responsive_js_composer_custom_css_2119485708\"><div class=\"vc_column-inner\"><div class=\"wpb_wrapper\">            <div class=\"lebe-banner style-13     lebe_custom_css_93034107 lebe-wow fadeInUp   responsive_js_composer_custom_css_829415792\">\r\n                <div class=\"banner-inner \">\r\n                                            <figure class=\"banner-thumb \">\r\n                            <a target=\"_self\" href=\"http:\/\/www.baie-car.com\/es\/claraboya\/\">\r\n                                <img loading=\"lazy\" decoding=\"async\" width=\"440\" height=\"440\" src=\"https:\/\/www.baie-car.com\/wp-content\/uploads\/2019\/10\/banner921-2.jpg\" class=\"attachment-full size-full\" alt=\"\" srcset=\"https:\/\/www.baie-car.com\/wp-content\/uploads\/2019\/10\/banner921-2.jpg 440w, https:\/\/www.baie-car.com\/wp-content\/uploads\/2019\/10\/banner921-2-150x150.jpg 150w, https:\/\/www.baie-car.com\/wp-content\/uploads\/2019\/10\/banner921-2-300x300.jpg 300w, https:\/\/www.baie-car.com\/wp-content\/uploads\/2019\/10\/banner921-2-100x100.jpg 100w\" sizes=\"auto, (max-width: 440px) 100vw, 440px\" \/>                            <\/a>\r\n                        <\/figure>\r\n                                        <div class=\"banner-info \">\r\n                        <div class=\"banner-info-inner \">\r\n                                                                                        <h3 class=\"bigtitle\">\r\n                                                                            Claraboya                                                                    <\/h3>\r\n                                                                                                                    <a class=\"button\" target=\"_self\"\r\n                                   href=\"http:\/\/www.baie-car.com\/es\/claraboya\/\"><span>Ver los productos<\/span><\/a>\r\n                                                    <\/div>\r\n                    <\/div>\r\n                <\/div>\r\n            <\/div>\r\n            <\/div><\/div><\/div><\/div>\n","protected":false},"excerpt":{"rendered":"BAIE CAR Expertos en ventanas para veh\u00edculos Baie car, experto especializado en el desarrollo, fabricaci\u00f3n de ventanas y recortes de vidrio en el sector de autobuses, camiones para caballos, furgonetas para caballos, furgoneta camper y autocaravanas. Dispuestos a las demandas y expectativas de nuestros clientes ofreciendo productos de alta calidad y un servicio din\u00e1mico. Ventana [...]","protected":false},"author":1,"featured_media":0,"parent":0,"menu_order":0,"comment_status":"closed","ping_status":"closed","template":"templates\/fullwidth.php","meta":{"footnotes":""},"class_list":["post-3184","page","type-page","status-publish","hentry"],"yoast_head":"<!-- This site is optimized with the Yoast SEO plugin v22.3 - https:\/\/yoast.com\/wordpress\/plugins\/seo\/ -->\n<title>Baie Car Expertos ventanas para veh\u00edculos, camper, cami\u00f3n de caballos<\/title>\n<meta name=\"description\" content=\"Fabricaci\u00f3n de ventanas y recortes de vidrio en el sector de autobuses, camiones para caballos, camper, autocaravana - Baie-car.com\" \/>\n<meta name=\"robots\" content=\"index, follow, max-snippet:-1, max-image-preview:large, max-video-preview:-1\" \/>\n<link rel=\"canonical\" href=\"https:\/\/www.baie-car.com\/es\/\" \/>\n<meta property=\"og:locale\" content=\"es_ES\" \/>\n<meta property=\"og:type\" content=\"article\" \/>\n<meta property=\"og:title\" content=\"Baie Car Expertos ventanas para veh\u00edculos, camper, cami\u00f3n de caballos\" \/>\n<meta property=\"og:description\" content=\"Fabricaci\u00f3n de ventanas y recortes de vidrio en el sector de autobuses, camiones para caballos, camper, autocaravana - Baie-car.com\" \/>\n<meta property=\"og:url\" content=\"https:\/\/www.baie-car.com\/es\/\" \/>\n<meta property=\"og:site_name\" content=\"Baie-car\" \/>\n<meta property=\"article:modified_time\" content=\"2023-01-10T20:21:58+00:00\" \/>\n<meta name=\"twitter:card\" content=\"summary_large_image\" \/>\n<meta name=\"twitter:label1\" content=\"Tiempo de lectura\" \/>\n\t<meta name=\"twitter:data1\" content=\"1 minuto\" \/>\n<script type=\"application\/ld+json\" class=\"yoast-schema-graph\">{\"@context\":\"https:\/\/schema.org\",\"@graph\":[{\"@type\":\"WebPage\",\"@id\":\"https:\/\/www.baie-car.com\/es\/\",\"url\":\"https:\/\/www.baie-car.com\/es\/\",\"name\":\"Baie Car Expertos ventanas para veh\u00edculos, camper, cami\u00f3n de caballos\",\"isPartOf\":{\"@id\":\"https:\/\/www.baie-car.com\/#website\"},\"datePublished\":\"2018-12-21T02:16:32+00:00\",\"dateModified\":\"2023-01-10T20:21:58+00:00\",\"description\":\"Fabricaci\u00f3n de ventanas y recortes de vidrio en el sector de autobuses, camiones para caballos, camper, autocaravana - Baie-car.com\",\"breadcrumb\":{\"@id\":\"https:\/\/www.baie-car.com\/es\/#breadcrumb\"},\"inLanguage\":\"es\",\"potentialAction\":[{\"@type\":\"ReadAction\",\"target\":[\"https:\/\/www.baie-car.com\/es\/\"]}]},{\"@type\":\"BreadcrumbList\",\"@id\":\"https:\/\/www.baie-car.com\/es\/#breadcrumb\",\"itemListElement\":[{\"@type\":\"ListItem\",\"position\":1,\"name\":\"Accueil\",\"item\":\"https:\/\/www.baie-car.com\/es\/\"},{\"@type\":\"ListItem\",\"position\":2,\"name\":\"Inicio\"}]},{\"@type\":\"WebSite\",\"@id\":\"https:\/\/www.baie-car.com\/#website\",\"url\":\"https:\/\/www.baie-car.com\/\",\"name\":\"Baie-car\",\"description\":\"VENTA DE VENTANA PARA CARAVANA CAMPER\",\"potentialAction\":[{\"@type\":\"SearchAction\",\"target\":{\"@type\":\"EntryPoint\",\"urlTemplate\":\"https:\/\/www.baie-car.com\/?s={search_term_string}\"},\"query-input\":\"required name=search_term_string\"}],\"inLanguage\":\"es\"}]}<\/script>\n<!-- \/ Yoast SEO plugin. -->","yoast_head_json":{"title":"Baie Car Expertos ventanas para veh\u00edculos, camper, cami\u00f3n de caballos","description":"Fabricaci\u00f3n de ventanas y recortes de vidrio en el sector de autobuses, camiones para caballos, camper, autocaravana - Baie-car.com","robots":{"index":"index","follow":"follow","max-snippet":"max-snippet:-1","max-image-preview":"max-image-preview:large","max-video-preview":"max-video-preview:-1"},"canonical":"https:\/\/www.baie-car.com\/es\/","og_locale":"es_ES","og_type":"article","og_title":"Baie Car Expertos ventanas para veh\u00edculos, camper, cami\u00f3n de caballos","og_description":"Fabricaci\u00f3n de ventanas y recortes de vidrio en el sector de autobuses, camiones para caballos, camper, autocaravana - Baie-car.com","og_url":"https:\/\/www.baie-car.com\/es\/","og_site_name":"Baie-car","article_modified_time":"2023-01-10T20:21:58+00:00","twitter_card":"summary_large_image","twitter_misc":{"Tiempo de lectura":"1 minuto"},"schema":{"@context":"https:\/\/schema.org","@graph":[{"@type":"WebPage","@id":"https:\/\/www.baie-car.com\/es\/","url":"https:\/\/www.baie-car.com\/es\/","name":"Baie Car Expertos ventanas para veh\u00edculos, camper, cami\u00f3n de caballos","isPartOf":{"@id":"https:\/\/www.baie-car.com\/#website"},"datePublished":"2018-12-21T02:16:32+00:00","dateModified":"2023-01-10T20:21:58+00:00","description":"Fabricaci\u00f3n de ventanas y recortes de vidrio en el sector de autobuses, camiones para caballos, camper, autocaravana - Baie-car.com","breadcrumb":{"@id":"https:\/\/www.baie-car.com\/es\/#breadcrumb"},"inLanguage":"es","potentialAction":[{"@type":"ReadAction","target":["https:\/\/www.baie-car.com\/es\/"]}]},{"@type":"BreadcrumbList","@id":"https:\/\/www.baie-car.com\/es\/#breadcrumb","itemListElement":[{"@type":"ListItem","position":1,"name":"Accueil","item":"https:\/\/www.baie-car.com\/es\/"},{"@type":"ListItem","position":2,"name":"Inicio"}]},{"@type":"WebSite","@id":"https:\/\/www.baie-car.com\/#website","url":"https:\/\/www.baie-car.com\/","name":"Baie-car","description":"VENTA DE VENTANA PARA CARAVANA CAMPER","potentialAction":[{"@type":"SearchAction","target":{"@type":"EntryPoint","urlTemplate":"https:\/\/www.baie-car.com\/?s={search_term_string}"},"query-input":"required name=search_term_string"}],"inLanguage":"es"}]}},"_links":{"self":[{"href":"https:\/\/www.baie-car.com\/es\/wp-json\/wp\/v2\/pages\/3184","targetHints":{"allow":["GET"]}}],"collection":[{"href":"https:\/\/www.baie-car.com\/es\/wp-json\/wp\/v2\/pages"}],"about":[{"href":"https:\/\/www.baie-car.com\/es\/wp-json\/wp\/v2\/types\/page"}],"author":[{"embeddable":true,"href":"https:\/\/www.baie-car.com\/es\/wp-json\/wp\/v2\/users\/1"}],"replies":[{"embeddable":true,"href":"https:\/\/www.baie-car.com\/es\/wp-json\/wp\/v2\/comments?post=3184"}],"version-history":[{"count":36,"href":"https:\/\/www.baie-car.com\/es\/wp-json\/wp\/v2\/pages\/3184\/revisions"}],"predecessor-version":[{"id":5694,"href":"https:\/\/www.baie-car.com\/es\/wp-json\/wp\/v2\/pages\/3184\/revisions\/5694"}],"wp:attachment":[{"href":"https:\/\/www.baie-car.com\/es\/wp-json\/wp\/v2\/media?parent=3184"}],"curies":[{"name":"wp","href":"https:\/\/api.w.org\/{rel}","templated":true}]}}